{"id":416,"date":"2023-05-19T16:43:12","date_gmt":"2023-05-19T16:43:12","guid":{"rendered":"https:\/\/www.tuckbuilding.com\/product\/novaflash\/"},"modified":"2024-02-20T21:36:12","modified_gmt":"2024-02-20T21:36:12","slug":"novaflash","status":"publish","type":"product","link":"https:\/\/www.tuckbuilding.com\/fr-ca\/product\/novaflash\/","title":{"rendered":"NovaFlash\u00ae"},"content":{"rendered":"<div class=\"prose\">\n<ul>\n<li>R\u00e9pond \u00e0 toutes les exigences de la norme AAMA 711-13, type A, niveau 3 (80 \u00b0C\/176 \u00b0F)<\/li>\n<li>Excellente adh\u00e9sion offrant un contact initial performant<\/li>\n<li>Haute r\u00e9sistance \u00e0 la perforation<\/li>\n<li>Aucun appr\u00eat requis (AAMA 711-13, type A) lorsque appliqu\u00e9 sur les surfaces appropri\u00e9es<\/li>\n<li>Doublure s\u00e9parable permettant une installation facile et rapide<\/li>\n<li>Scelle autour des clous et des attaches (ASTM D1970)<\/li>\n<li>R\u00e9siste \u00e0 l\u2019eau et aux moisissures<\/li>\n<li>Pr\u00e9vient les infiltrations d\u2019air<\/li>\n<li>Excellente r\u00e9sistance aux rayons UV<\/li>\n<\/ul>\n<h3>Applications<\/h3>\n<ul>\n<li>Ce ruban autocollant s\u2019utilise comme bande de recouvrement autour des fen\u00eatres et des portes<\/li>\n<li>Utilisation recommand\u00e9e sur les fen\u00eatres et portes en bois, d\u2019aluminium, fibre de verre, vinyle<\/li>\n<li>Recommand\u00e9 pour la plupart des enveloppes isolantes, \u201cOSB,\u201d gypse ext\u00e9rieur et panneau de fibres<\/li>\n<li>Toutes les surfaces ci-haut mentionn\u00e9es doivent \u00eatre propres et s\u00e8ches pour assurer un bon contact<\/li>\n<\/ul>\n<\/div>\n","protected":false},"excerpt":{"rendered":"<p>Le ruban NovaFlash\u00ae de Tuck Tape\u00ae est un ruban adh\u00e9sif pour solin compos\u00e9 d\u2019un endos en polypropyl\u00e8ne (PP) tiss\u00e9 et d\u2019un adh\u00e9sif performant de butyle avec une doublure en poly\u00e9thyl\u00e8ne (PE) facile \u00e0 retirer. Il r\u00e9pond aux normes AAMA 711, notamment gr\u00e2ce \u00e0 des caract\u00e9ristiques telles que sa capacit\u00e9 \u00e0 sceller autour des clous et sa forte adh\u00e9rence sans la n\u00e9cessit\u00e9 d\u2019un appr\u00eat.<\/p>\n<p>SKU# 99446, 99447, 99448, 99441<\/p>\n","protected":false},"featured_media":273,"template":"","meta":{"_acf_changed":false},"product_brand":[],"product_cat":[52],"product_tag":[53],"associated_application":[],"class_list":{"0":"post-416","1":"product","2":"type-product","3":"status-publish","4":"has-post-thumbnail","6":"product_cat-flashing-tape-fr-ca","7":"product_tag-flashing-tape-fr-ca","9":"first","10":"instock","11":"shipping-taxable","12":"product-type-simple"},"acf":[],"yoast_head":"<!-- This site is optimized with the Yoast SEO Premium plugin v24.1 (Yoast SEO v27.3) - https:\/\/yoast.com\/product\/yoast-seo-premium-wordpress\/ -->\n<title>NovaFlash\u00ae - Tuck Building<\/title>\n<meta name=\"robots\" content=\"index, follow, max-snippet:-1, max-image-preview:large, max-video-preview:-1\" \/>\n<link rel=\"canonical\" href=\"https:\/\/www.tuckbuilding.com\/fr-ca\/product\/novaflash\/\" \/>\n<meta property=\"og:locale\" content=\"fr_CA\" \/>\n<meta property=\"og:type\" content=\"article\" \/>\n<meta property=\"og:title\" content=\"NovaFlash\u00ae\" \/>\n<meta property=\"og:description\" content=\"Le ruban NovaFlash\u00ae de Tuck Tape\u00ae est un ruban adh\u00e9sif pour solin compos\u00e9 d\u2019un endos en polypropyl\u00e8ne (PP) tiss\u00e9 et d\u2019un adh\u00e9sif performant de butyle avec une doublure en poly\u00e9thyl\u00e8ne (PE) facile \u00e0 retirer. Il r\u00e9pond aux normes AAMA 711, notamment gr\u00e2ce \u00e0 des caract\u00e9ristiques telles que sa capacit\u00e9 \u00e0 sceller autour des clous et sa forte adh\u00e9rence sans la n\u00e9cessit\u00e9 d\u2019un appr\u00eat.  SKU# 99446, 99447, 99448, 99441\" \/>\n<meta property=\"og:url\" content=\"https:\/\/www.tuckbuilding.com\/fr-ca\/product\/novaflash\/\" \/>\n<meta property=\"og:site_name\" content=\"Tuck Building\" \/>\n<meta property=\"article:modified_time\" content=\"2024-02-20T21:36:12+00:00\" \/>\n<meta property=\"og:image\" content=\"https:\/\/www.tuckbuilding.com\/wp-content\/uploads\/sites\/6\/2023\/05\/99447_High.jpg\" \/>\n\t<meta property=\"og:image:width\" content=\"2400\" \/>\n\t<meta property=\"og:image:height\" content=\"2400\" \/>\n\t<meta property=\"og:image:type\" content=\"image\/jpeg\" \/>\n<meta name=\"twitter:card\" content=\"summary_large_image\" \/>\n<meta name=\"twitter:label1\" content=\"Est. reading time\" \/>\n\t<meta name=\"twitter:data1\" content=\"1 minute\" \/>\n<script type=\"application\/ld+json\" class=\"yoast-schema-graph\">{\"@context\":\"https:\\\/\\\/schema.org\",\"@graph\":[{\"@type\":\"WebPage\",\"@id\":\"https:\\\/\\\/www.tuckbuilding.com\\\/fr-ca\\\/product\\\/novaflash\\\/\",\"url\":\"https:\\\/\\\/www.tuckbuilding.com\\\/fr-ca\\\/product\\\/novaflash\\\/\",\"name\":\"NovaFlash\u00ae - Tuck Building\",\"isPartOf\":{\"@id\":\"https:\\\/\\\/www.tuckbuilding.com\\\/#website\"},\"primaryImageOfPage\":{\"@id\":\"https:\\\/\\\/www.tuckbuilding.com\\\/fr-ca\\\/product\\\/novaflash\\\/#primaryimage\"},\"image\":{\"@id\":\"https:\\\/\\\/www.tuckbuilding.com\\\/fr-ca\\\/product\\\/novaflash\\\/#primaryimage\"},\"thumbnailUrl\":\"https:\\\/\\\/www.tuckbuilding.com\\\/wp-content\\\/uploads\\\/sites\\\/6\\\/images\\\/99447_High.jpg\",\"datePublished\":\"2023-05-19T16:43:12+00:00\",\"dateModified\":\"2024-02-20T21:36:12+00:00\",\"breadcrumb\":{\"@id\":\"https:\\\/\\\/www.tuckbuilding.com\\\/fr-ca\\\/product\\\/novaflash\\\/#breadcrumb\"},\"inLanguage\":\"fr-CA\",\"potentialAction\":[{\"@type\":\"ReadAction\",\"target\":[\"https:\\\/\\\/www.tuckbuilding.com\\\/fr-ca\\\/product\\\/novaflash\\\/\"]}]},{\"@type\":\"ImageObject\",\"inLanguage\":\"fr-CA\",\"@id\":\"https:\\\/\\\/www.tuckbuilding.com\\\/fr-ca\\\/product\\\/novaflash\\\/#primaryimage\",\"url\":\"https:\\\/\\\/www.tuckbuilding.com\\\/wp-content\\\/uploads\\\/sites\\\/6\\\/images\\\/99447_High.jpg\",\"contentUrl\":\"https:\\\/\\\/www.tuckbuilding.com\\\/wp-content\\\/uploads\\\/sites\\\/6\\\/images\\\/99447_High.jpg\",\"width\":2400,\"height\":2400,\"caption\":\"99447_High\"},{\"@type\":\"BreadcrumbList\",\"@id\":\"https:\\\/\\\/www.tuckbuilding.com\\\/fr-ca\\\/product\\\/novaflash\\\/#breadcrumb\",\"itemListElement\":[{\"@type\":\"ListItem\",\"position\":1,\"name\":\"Home\",\"item\":\"https:\\\/\\\/www.tuckbuilding.com\\\/fr-ca\\\/\"},{\"@type\":\"ListItem\",\"position\":2,\"name\":\"Products\",\"item\":\"https:\\\/\\\/www.tuckbuilding.com\\\/shop\\\/\"},{\"@type\":\"ListItem\",\"position\":3,\"name\":\"NovaFlash\u00ae\"}]},{\"@type\":\"WebSite\",\"@id\":\"https:\\\/\\\/www.tuckbuilding.com\\\/#website\",\"url\":\"https:\\\/\\\/www.tuckbuilding.com\\\/\",\"name\":\"Tuck Building\",\"description\":\"\",\"publisher\":{\"@id\":\"https:\\\/\\\/www.tuckbuilding.com\\\/#organization\"},\"potentialAction\":[{\"@type\":\"SearchAction\",\"target\":{\"@type\":\"EntryPoint\",\"urlTemplate\":\"https:\\\/\\\/www.tuckbuilding.com\\\/?s={search_term_string}\"},\"query-input\":{\"@type\":\"PropertyValueSpecification\",\"valueRequired\":true,\"valueName\":\"search_term_string\"}}],\"inLanguage\":\"fr-CA\"},{\"@type\":\"Organization\",\"@id\":\"https:\\\/\\\/www.tuckbuilding.com\\\/#organization\",\"name\":\"Tuck Building\",\"url\":\"https:\\\/\\\/www.tuckbuilding.com\\\/\",\"logo\":{\"@type\":\"ImageObject\",\"inLanguage\":\"fr-CA\",\"@id\":\"https:\\\/\\\/www.tuckbuilding.com\\\/#\\\/schema\\\/logo\\\/image\\\/\",\"url\":\"https:\\\/\\\/www.tuckbuilding.com\\\/wp-content\\\/uploads\\\/sites\\\/6\\\/logos\\\/cropped-Tuck-logo-60.png\",\"contentUrl\":\"https:\\\/\\\/www.tuckbuilding.com\\\/wp-content\\\/uploads\\\/sites\\\/6\\\/logos\\\/cropped-Tuck-logo-60.png\",\"width\":65,\"height\":60,\"caption\":\"Tuck Building\"},\"image\":{\"@id\":\"https:\\\/\\\/www.tuckbuilding.com\\\/#\\\/schema\\\/logo\\\/image\\\/\"}}]}<\/script>\n<!-- \/ Yoast SEO Premium plugin. -->","yoast_head_json":{"title":"NovaFlash\u00ae - Tuck Building","robots":{"index":"index","follow":"follow","max-snippet":"max-snippet:-1","max-image-preview":"max-image-preview:large","max-video-preview":"max-video-preview:-1"},"canonical":"https:\/\/www.tuckbuilding.com\/fr-ca\/product\/novaflash\/","og_locale":"fr_CA","og_type":"article","og_title":"NovaFlash\u00ae","og_description":"Le ruban NovaFlash\u00ae de Tuck Tape\u00ae est un ruban adh\u00e9sif pour solin compos\u00e9 d\u2019un endos en polypropyl\u00e8ne (PP) tiss\u00e9 et d\u2019un adh\u00e9sif performant de butyle avec une doublure en poly\u00e9thyl\u00e8ne (PE) facile \u00e0 retirer. Il r\u00e9pond aux normes AAMA 711, notamment gr\u00e2ce \u00e0 des caract\u00e9ristiques telles que sa capacit\u00e9 \u00e0 sceller autour des clous et sa forte adh\u00e9rence sans la n\u00e9cessit\u00e9 d\u2019un appr\u00eat.  SKU# 99446, 99447, 99448, 99441","og_url":"https:\/\/www.tuckbuilding.com\/fr-ca\/product\/novaflash\/","og_site_name":"Tuck Building","article_modified_time":"2024-02-20T21:36:12+00:00","og_image":[{"width":2400,"height":2400,"url":"https:\/\/www.tuckbuilding.com\/wp-content\/uploads\/sites\/6\/2023\/05\/99447_High.jpg","type":"image\/jpeg"}],"twitter_card":"summary_large_image","twitter_misc":{"Est. reading time":"1 minute"},"schema":{"@context":"https:\/\/schema.org","@graph":[{"@type":"WebPage","@id":"https:\/\/www.tuckbuilding.com\/fr-ca\/product\/novaflash\/","url":"https:\/\/www.tuckbuilding.com\/fr-ca\/product\/novaflash\/","name":"NovaFlash\u00ae - Tuck Building","isPartOf":{"@id":"https:\/\/www.tuckbuilding.com\/#website"},"primaryImageOfPage":{"@id":"https:\/\/www.tuckbuilding.com\/fr-ca\/product\/novaflash\/#primaryimage"},"image":{"@id":"https:\/\/www.tuckbuilding.com\/fr-ca\/product\/novaflash\/#primaryimage"},"thumbnailUrl":"https:\/\/www.tuckbuilding.com\/wp-content\/uploads\/sites\/6\/images\/99447_High.jpg","datePublished":"2023-05-19T16:43:12+00:00","dateModified":"2024-02-20T21:36:12+00:00","breadcrumb":{"@id":"https:\/\/www.tuckbuilding.com\/fr-ca\/product\/novaflash\/#breadcrumb"},"inLanguage":"fr-CA","potentialAction":[{"@type":"ReadAction","target":["https:\/\/www.tuckbuilding.com\/fr-ca\/product\/novaflash\/"]}]},{"@type":"ImageObject","inLanguage":"fr-CA","@id":"https:\/\/www.tuckbuilding.com\/fr-ca\/product\/novaflash\/#primaryimage","url":"https:\/\/www.tuckbuilding.com\/wp-content\/uploads\/sites\/6\/images\/99447_High.jpg","contentUrl":"https:\/\/www.tuckbuilding.com\/wp-content\/uploads\/sites\/6\/images\/99447_High.jpg","width":2400,"height":2400,"caption":"99447_High"},{"@type":"BreadcrumbList","@id":"https:\/\/www.tuckbuilding.com\/fr-ca\/product\/novaflash\/#breadcrumb","itemListElement":[{"@type":"ListItem","position":1,"name":"Home","item":"https:\/\/www.tuckbuilding.com\/fr-ca\/"},{"@type":"ListItem","position":2,"name":"Products","item":"https:\/\/www.tuckbuilding.com\/shop\/"},{"@type":"ListItem","position":3,"name":"NovaFlash\u00ae"}]},{"@type":"WebSite","@id":"https:\/\/www.tuckbuilding.com\/#website","url":"https:\/\/www.tuckbuilding.com\/","name":"Tuck Building","description":"","publisher":{"@id":"https:\/\/www.tuckbuilding.com\/#organization"},"potentialAction":[{"@type":"SearchAction","target":{"@type":"EntryPoint","urlTemplate":"https:\/\/www.tuckbuilding.com\/?s={search_term_string}"},"query-input":{"@type":"PropertyValueSpecification","valueRequired":true,"valueName":"search_term_string"}}],"inLanguage":"fr-CA"},{"@type":"Organization","@id":"https:\/\/www.tuckbuilding.com\/#organization","name":"Tuck Building","url":"https:\/\/www.tuckbuilding.com\/","logo":{"@type":"ImageObject","inLanguage":"fr-CA","@id":"https:\/\/www.tuckbuilding.com\/#\/schema\/logo\/image\/","url":"https:\/\/www.tuckbuilding.com\/wp-content\/uploads\/sites\/6\/logos\/cropped-Tuck-logo-60.png","contentUrl":"https:\/\/www.tuckbuilding.com\/wp-content\/uploads\/sites\/6\/logos\/cropped-Tuck-logo-60.png","width":65,"height":60,"caption":"Tuck Building"},"image":{"@id":"https:\/\/www.tuckbuilding.com\/#\/schema\/logo\/image\/"}}]}},"jetpack_sharing_enabled":true,"_links":{"self":[{"href":"https:\/\/www.tuckbuilding.com\/fr-ca\/wp-json\/wp\/v2\/product\/416","targetHints":{"allow":["GET"]}}],"collection":[{"href":"https:\/\/www.tuckbuilding.com\/fr-ca\/wp-json\/wp\/v2\/product"}],"about":[{"href":"https:\/\/www.tuckbuilding.com\/fr-ca\/wp-json\/wp\/v2\/types\/product"}],"wp:featuredmedia":[{"embeddable":true,"href":"https:\/\/www.tuckbuilding.com\/fr-ca\/wp-json\/wp\/v2\/media\/273"}],"wp:attachment":[{"href":"https:\/\/www.tuckbuilding.com\/fr-ca\/wp-json\/wp\/v2\/media?parent=416"}],"wp:term":[{"taxonomy":"product_brand","embeddable":true,"href":"https:\/\/www.tuckbuilding.com\/fr-ca\/wp-json\/wp\/v2\/product_brand?post=416"},{"taxonomy":"product_cat","embeddable":true,"href":"https:\/\/www.tuckbuilding.com\/fr-ca\/wp-json\/wp\/v2\/product_cat?post=416"},{"taxonomy":"product_tag","embeddable":true,"href":"https:\/\/www.tuckbuilding.com\/fr-ca\/wp-json\/wp\/v2\/product_tag?post=416"},{"taxonomy":"associated_application","embeddable":true,"href":"https:\/\/www.tuckbuilding.com\/fr-ca\/wp-json\/wp\/v2\/associated_application?post=416"}],"curies":[{"name":"wp","href":"https:\/\/api.w.org\/{rel}","templated":true}]}}