{"id":414,"date":"2023-05-19T16:34:32","date_gmt":"2023-05-19T16:34:32","guid":{"rendered":"https:\/\/www.tuckbuilding.com\/product\/novawrap\/"},"modified":"2023-09-29T20:17:49","modified_gmt":"2023-09-29T20:17:49","slug":"novawrap","status":"publish","type":"product","link":"https:\/\/www.tuckbuilding.com\/fr-ca\/product\/novawrap\/","title":{"rendered":"NovaWrap\u2122"},"content":{"rendered":"<div class=\"prose\">\n<ul>\n<li>Mat\u00e9riaux de qualit\u00e9 sup\u00e9rieure &#8211; Tissu 100 % polypropyl\u00e8ne non tiss\u00e9 avec rev\u00eatement respirant<\/li>\n<li>Performances sup\u00e9rieures &#8211; Con\u00e7u pour des performances sup\u00e9rieures, ce mat\u00e9riau d\u00e9fie toute concurrence par ses qualit\u00e9s de r\u00e9sistance et de r\u00e9duction des infiltrations d\u2019air, d\u2019eau et de vapeur d\u2019eau<\/li>\n<li>Sans asphalte &#8211; 100% recyclable<\/li>\n<li>\u00c9conerg\u00e9tique &#8211; R\u00e9duit les infiltrations d\u2019air ext\u00e9rieur; am\u00e9liore l\u2019efficacit\u00e9 \u00e9nerg\u00e9tique<\/li>\n<li>R\u00e9sistant au feu \u2013 Classe A (E84) rencontrant les normes actuelles<\/li>\n<li>Qualit\u00e9 de l\u2019air am\u00e9lior\u00e9e &#8211; R\u00e9duit la p\u00e9n\u00e9tration de l\u2019eau, \u00e9liminant le risque de moisissures<\/li>\n<li>Conforme au code &#8211; Atteint ou d\u00e9passe les recommandations applicables des codes du b\u00e2timent pour les membranes de rev\u00eatement et les membranes pare-air<\/li>\n<li>Stabilit\u00e9 aux rayons ultraviolets &#8211; Peut rester expos\u00e9 pendant 6 mois, mais recommande de couvrir dans les 60 jours<\/li>\n<\/ul>\n<h3>Applications<\/h3>\n<ul>\n<li>Utilisation &#8211; Pour les b\u00e2timents jusqu\u2019\u00e0 6 \u00e9tages de haut, ainsi que les b\u00e2timents commerciaux et r\u00e9sidentiels modernis\u00e9s<\/li>\n<li>Compatibilit\u00e9 &#8211; S\u2019installe sur et prot\u00e8ge les contreplaqu\u00e9s, les panneaux de grandes particules orient\u00e9es, le gypse, les composites de gypse, la mousse rigide et d\u2019autres mat\u00e9riaux de rev\u00eatement. S\u2019installe sous la brique, la pierre, le stuc, les syst\u00e8mes d\u2019isolation et de finition ext\u00e9rieurs, les panneaux en ciment, le bois, le vinyle, le m\u00e9tal et les composites.<\/li>\n<\/ul>\n<\/div>\n","protected":false},"excerpt":{"rendered":"<p>Tuck\u00ae NovaWrap\u2122 est une enveloppe de b\u00e2timent 100 % synth\u00e9tique qui fait partie int\u00e9grante du syst\u00e8me de gestion d\u2019air et d\u2019humidit\u00e9 Tuck, qui garantit la satisfaction des constructeurs et des propri\u00e9taires. Ce mat\u00e9riau est respectueux de l\u2019environnement, r\u00e9siste aux intemp\u00e9ries et assure l\u2019efficacit\u00e9 \u00e9nerg\u00e9tique des b\u00e2timents pendant toute leur dur\u00e9e de vie. Tuck NovaWrap est un tissu en polypropyl\u00e8ne non perfor\u00e9 et non tiss\u00e9, qui offre un ratio id\u00e9al entre la r\u00e9sistance \u00e0 l\u2019eau et la transmission de vapeur d\u2019eau vers l\u2019ext\u00e9rieur. Il laisse la structure respirer tout en pr\u00e9venant les dommages dus aux infiltrations d\u2019eau. Tuck NovaWrap n\u2019absorbe et ne retient pas l\u2019eau.<\/p>\n<p>SKU# Y89677, Y89678, Y89679, Y89676<\/p>\n","protected":false},"featured_media":166,"comment_status":"open","ping_status":"closed","template":"","meta":{"_acf_changed":false},"product_brand":[],"product_cat":[54],"product_tag":[],"associated_application":[],"class_list":{"0":"post-414","1":"product","2":"type-product","3":"status-publish","4":"has-post-thumbnail","6":"product_cat-housewrap-fr-ca","8":"first","9":"instock","10":"shipping-taxable","11":"product-type-simple"},"acf":[],"yoast_head":"<!-- This site is optimized with the Yoast SEO Premium plugin v24.1 (Yoast SEO v27.0) - https:\/\/yoast.com\/product\/yoast-seo-premium-wordpress\/ -->\n<title>NovaWrap\u2122 - Tuck Building<\/title>\n<meta name=\"robots\" content=\"index, follow, max-snippet:-1, max-image-preview:large, max-video-preview:-1\" \/>\n<link rel=\"canonical\" href=\"https:\/\/www.tuckbuilding.com\/fr-ca\/product\/novawrap\/\" \/>\n<meta property=\"og:locale\" content=\"fr_CA\" \/>\n<meta property=\"og:type\" content=\"article\" \/>\n<meta property=\"og:title\" content=\"NovaWrap\u2122\" \/>\n<meta property=\"og:description\" content=\"Tuck\u00ae NovaWrap\u2122 est une enveloppe de b\u00e2timent 100 % synth\u00e9tique qui fait partie int\u00e9grante du syst\u00e8me de gestion d\u2019air et d\u2019humidit\u00e9 Tuck, qui garantit la satisfaction des constructeurs et des propri\u00e9taires. Ce mat\u00e9riau est respectueux de l\u2019environnement, r\u00e9siste aux intemp\u00e9ries et assure l\u2019efficacit\u00e9 \u00e9nerg\u00e9tique des b\u00e2timents pendant toute leur dur\u00e9e de vie. Tuck NovaWrap est un tissu en polypropyl\u00e8ne non perfor\u00e9 et non tiss\u00e9, qui offre un ratio id\u00e9al entre la r\u00e9sistance \u00e0 l\u2019eau et la transmission de vapeur d\u2019eau vers l\u2019ext\u00e9rieur. Il laisse la structure respirer tout en pr\u00e9venant les dommages dus aux infiltrations d\u2019eau. Tuck NovaWrap n\u2019absorbe et ne retient pas l\u2019eau.  SKU# Y89677, Y89678, Y89679, Y89676\" \/>\n<meta property=\"og:url\" content=\"https:\/\/www.tuckbuilding.com\/fr-ca\/product\/novawrap\/\" \/>\n<meta property=\"og:site_name\" content=\"Tuck Building\" \/>\n<meta property=\"article:modified_time\" content=\"2023-09-29T20:17:49+00:00\" \/>\n<meta property=\"og:image\" content=\"https:\/\/www.tuckbuilding.com\/wp-content\/uploads\/sites\/6\/2023\/05\/TuckNovaWrap_High-1.jpg\" \/>\n\t<meta property=\"og:image:width\" content=\"2400\" \/>\n\t<meta property=\"og:image:height\" content=\"2400\" \/>\n\t<meta property=\"og:image:type\" content=\"image\/jpeg\" \/>\n<meta name=\"twitter:card\" content=\"summary_large_image\" \/>\n<meta name=\"twitter:label1\" content=\"Est. reading time\" \/>\n\t<meta name=\"twitter:data1\" content=\"1 minute\" \/>\n<script type=\"application\/ld+json\" class=\"yoast-schema-graph\">{\"@context\":\"https:\/\/schema.org\",\"@graph\":[{\"@type\":\"WebPage\",\"@id\":\"https:\/\/www.tuckbuilding.com\/fr-ca\/product\/novawrap\/\",\"url\":\"https:\/\/www.tuckbuilding.com\/fr-ca\/product\/novawrap\/\",\"name\":\"NovaWrap\u2122 - Tuck Building\",\"isPartOf\":{\"@id\":\"https:\/\/www.tuckbuilding.com\/#website\"},\"primaryImageOfPage\":{\"@id\":\"https:\/\/www.tuckbuilding.com\/fr-ca\/product\/novawrap\/#primaryimage\"},\"image\":{\"@id\":\"https:\/\/www.tuckbuilding.com\/fr-ca\/product\/novawrap\/#primaryimage\"},\"thumbnailUrl\":\"https:\/\/www.tuckbuilding.com\/wp-content\/uploads\/sites\/6\/images\/TuckNovaWrap_High-1.jpg\",\"datePublished\":\"2023-05-19T16:34:32+00:00\",\"dateModified\":\"2023-09-29T20:17:49+00:00\",\"breadcrumb\":{\"@id\":\"https:\/\/www.tuckbuilding.com\/fr-ca\/product\/novawrap\/#breadcrumb\"},\"inLanguage\":\"fr-CA\",\"potentialAction\":[{\"@type\":\"ReadAction\",\"target\":[\"https:\/\/www.tuckbuilding.com\/fr-ca\/product\/novawrap\/\"]}]},{\"@type\":\"ImageObject\",\"inLanguage\":\"fr-CA\",\"@id\":\"https:\/\/www.tuckbuilding.com\/fr-ca\/product\/novawrap\/#primaryimage\",\"url\":\"https:\/\/www.tuckbuilding.com\/wp-content\/uploads\/sites\/6\/images\/TuckNovaWrap_High-1.jpg\",\"contentUrl\":\"https:\/\/www.tuckbuilding.com\/wp-content\/uploads\/sites\/6\/images\/TuckNovaWrap_High-1.jpg\",\"width\":2400,\"height\":2400},{\"@type\":\"BreadcrumbList\",\"@id\":\"https:\/\/www.tuckbuilding.com\/fr-ca\/product\/novawrap\/#breadcrumb\",\"itemListElement\":[{\"@type\":\"ListItem\",\"position\":1,\"name\":\"Home\",\"item\":\"https:\/\/www.tuckbuilding.com\/fr-ca\/\"},{\"@type\":\"ListItem\",\"position\":2,\"name\":\"Products\",\"item\":\"https:\/\/www.tuckbuilding.com\/shop\/\"},{\"@type\":\"ListItem\",\"position\":3,\"name\":\"NovaWrap\u2122\"}]},{\"@type\":\"WebSite\",\"@id\":\"https:\/\/www.tuckbuilding.com\/#website\",\"url\":\"https:\/\/www.tuckbuilding.com\/\",\"name\":\"Tuck Building\",\"description\":\"\",\"publisher\":{\"@id\":\"https:\/\/www.tuckbuilding.com\/#organization\"},\"potentialAction\":[{\"@type\":\"SearchAction\",\"target\":{\"@type\":\"EntryPoint\",\"urlTemplate\":\"https:\/\/www.tuckbuilding.com\/?s={search_term_string}\"},\"query-input\":{\"@type\":\"PropertyValueSpecification\",\"valueRequired\":true,\"valueName\":\"search_term_string\"}}],\"inLanguage\":\"fr-CA\"},{\"@type\":\"Organization\",\"@id\":\"https:\/\/www.tuckbuilding.com\/#organization\",\"name\":\"Tuck Building\",\"url\":\"https:\/\/www.tuckbuilding.com\/\",\"logo\":{\"@type\":\"ImageObject\",\"inLanguage\":\"fr-CA\",\"@id\":\"https:\/\/www.tuckbuilding.com\/#\/schema\/logo\/image\/\",\"url\":\"https:\/\/www.tuckbuilding.com\/wp-content\/uploads\/sites\/6\/logos\/cropped-Tuck-logo-60.png\",\"contentUrl\":\"https:\/\/www.tuckbuilding.com\/wp-content\/uploads\/sites\/6\/logos\/cropped-Tuck-logo-60.png\",\"width\":65,\"height\":60,\"caption\":\"Tuck Building\"},\"image\":{\"@id\":\"https:\/\/www.tuckbuilding.com\/#\/schema\/logo\/image\/\"}}]}<\/script>\n<!-- \/ Yoast SEO Premium plugin. -->","yoast_head_json":{"title":"NovaWrap\u2122 - Tuck Building","robots":{"index":"index","follow":"follow","max-snippet":"max-snippet:-1","max-image-preview":"max-image-preview:large","max-video-preview":"max-video-preview:-1"},"canonical":"https:\/\/www.tuckbuilding.com\/fr-ca\/product\/novawrap\/","og_locale":"fr_CA","og_type":"article","og_title":"NovaWrap\u2122","og_description":"Tuck\u00ae NovaWrap\u2122 est une enveloppe de b\u00e2timent 100 % synth\u00e9tique qui fait partie int\u00e9grante du syst\u00e8me de gestion d\u2019air et d\u2019humidit\u00e9 Tuck, qui garantit la satisfaction des constructeurs et des propri\u00e9taires. Ce mat\u00e9riau est respectueux de l\u2019environnement, r\u00e9siste aux intemp\u00e9ries et assure l\u2019efficacit\u00e9 \u00e9nerg\u00e9tique des b\u00e2timents pendant toute leur dur\u00e9e de vie. Tuck NovaWrap est un tissu en polypropyl\u00e8ne non perfor\u00e9 et non tiss\u00e9, qui offre un ratio id\u00e9al entre la r\u00e9sistance \u00e0 l\u2019eau et la transmission de vapeur d\u2019eau vers l\u2019ext\u00e9rieur. Il laisse la structure respirer tout en pr\u00e9venant les dommages dus aux infiltrations d\u2019eau. Tuck NovaWrap n\u2019absorbe et ne retient pas l\u2019eau.  SKU# Y89677, Y89678, Y89679, Y89676","og_url":"https:\/\/www.tuckbuilding.com\/fr-ca\/product\/novawrap\/","og_site_name":"Tuck Building","article_modified_time":"2023-09-29T20:17:49+00:00","og_image":[{"width":2400,"height":2400,"url":"https:\/\/www.tuckbuilding.com\/wp-content\/uploads\/sites\/6\/2023\/05\/TuckNovaWrap_High-1.jpg","type":"image\/jpeg"}],"twitter_card":"summary_large_image","twitter_misc":{"Est. reading time":"1 minute"},"schema":{"@context":"https:\/\/schema.org","@graph":[{"@type":"WebPage","@id":"https:\/\/www.tuckbuilding.com\/fr-ca\/product\/novawrap\/","url":"https:\/\/www.tuckbuilding.com\/fr-ca\/product\/novawrap\/","name":"NovaWrap\u2122 - Tuck Building","isPartOf":{"@id":"https:\/\/www.tuckbuilding.com\/#website"},"primaryImageOfPage":{"@id":"https:\/\/www.tuckbuilding.com\/fr-ca\/product\/novawrap\/#primaryimage"},"image":{"@id":"https:\/\/www.tuckbuilding.com\/fr-ca\/product\/novawrap\/#primaryimage"},"thumbnailUrl":"https:\/\/www.tuckbuilding.com\/wp-content\/uploads\/sites\/6\/images\/TuckNovaWrap_High-1.jpg","datePublished":"2023-05-19T16:34:32+00:00","dateModified":"2023-09-29T20:17:49+00:00","breadcrumb":{"@id":"https:\/\/www.tuckbuilding.com\/fr-ca\/product\/novawrap\/#breadcrumb"},"inLanguage":"fr-CA","potentialAction":[{"@type":"ReadAction","target":["https:\/\/www.tuckbuilding.com\/fr-ca\/product\/novawrap\/"]}]},{"@type":"ImageObject","inLanguage":"fr-CA","@id":"https:\/\/www.tuckbuilding.com\/fr-ca\/product\/novawrap\/#primaryimage","url":"https:\/\/www.tuckbuilding.com\/wp-content\/uploads\/sites\/6\/images\/TuckNovaWrap_High-1.jpg","contentUrl":"https:\/\/www.tuckbuilding.com\/wp-content\/uploads\/sites\/6\/images\/TuckNovaWrap_High-1.jpg","width":2400,"height":2400},{"@type":"BreadcrumbList","@id":"https:\/\/www.tuckbuilding.com\/fr-ca\/product\/novawrap\/#breadcrumb","itemListElement":[{"@type":"ListItem","position":1,"name":"Home","item":"https:\/\/www.tuckbuilding.com\/fr-ca\/"},{"@type":"ListItem","position":2,"name":"Products","item":"https:\/\/www.tuckbuilding.com\/shop\/"},{"@type":"ListItem","position":3,"name":"NovaWrap\u2122"}]},{"@type":"WebSite","@id":"https:\/\/www.tuckbuilding.com\/#website","url":"https:\/\/www.tuckbuilding.com\/","name":"Tuck Building","description":"","publisher":{"@id":"https:\/\/www.tuckbuilding.com\/#organization"},"potentialAction":[{"@type":"SearchAction","target":{"@type":"EntryPoint","urlTemplate":"https:\/\/www.tuckbuilding.com\/?s={search_term_string}"},"query-input":{"@type":"PropertyValueSpecification","valueRequired":true,"valueName":"search_term_string"}}],"inLanguage":"fr-CA"},{"@type":"Organization","@id":"https:\/\/www.tuckbuilding.com\/#organization","name":"Tuck Building","url":"https:\/\/www.tuckbuilding.com\/","logo":{"@type":"ImageObject","inLanguage":"fr-CA","@id":"https:\/\/www.tuckbuilding.com\/#\/schema\/logo\/image\/","url":"https:\/\/www.tuckbuilding.com\/wp-content\/uploads\/sites\/6\/logos\/cropped-Tuck-logo-60.png","contentUrl":"https:\/\/www.tuckbuilding.com\/wp-content\/uploads\/sites\/6\/logos\/cropped-Tuck-logo-60.png","width":65,"height":60,"caption":"Tuck Building"},"image":{"@id":"https:\/\/www.tuckbuilding.com\/#\/schema\/logo\/image\/"}}]}},"jetpack_sharing_enabled":true,"_links":{"self":[{"href":"https:\/\/www.tuckbuilding.com\/fr-ca\/wp-json\/wp\/v2\/product\/414","targetHints":{"allow":["GET"]}}],"collection":[{"href":"https:\/\/www.tuckbuilding.com\/fr-ca\/wp-json\/wp\/v2\/product"}],"about":[{"href":"https:\/\/www.tuckbuilding.com\/fr-ca\/wp-json\/wp\/v2\/types\/product"}],"replies":[{"embeddable":true,"href":"https:\/\/www.tuckbuilding.com\/fr-ca\/wp-json\/wp\/v2\/comments?post=414"}],"wp:featuredmedia":[{"embeddable":true,"href":"https:\/\/www.tuckbuilding.com\/fr-ca\/wp-json\/wp\/v2\/media\/166"}],"wp:attachment":[{"href":"https:\/\/www.tuckbuilding.com\/fr-ca\/wp-json\/wp\/v2\/media?parent=414"}],"wp:term":[{"taxonomy":"product_brand","embeddable":true,"href":"https:\/\/www.tuckbuilding.com\/fr-ca\/wp-json\/wp\/v2\/product_brand?post=414"},{"taxonomy":"product_cat","embeddable":true,"href":"https:\/\/www.tuckbuilding.com\/fr-ca\/wp-json\/wp\/v2\/product_cat?post=414"},{"taxonomy":"product_tag","embeddable":true,"href":"https:\/\/www.tuckbuilding.com\/fr-ca\/wp-json\/wp\/v2\/product_tag?post=414"},{"taxonomy":"associated_application","embeddable":true,"href":"https:\/\/www.tuckbuilding.com\/fr-ca\/wp-json\/wp\/v2\/associated_application?post=414"}],"curies":[{"name":"wp","href":"https:\/\/api.w.org\/{rel}","templated":true}]}}