{"id":413,"date":"2023-05-19T16:42:52","date_gmt":"2023-05-19T16:42:52","guid":{"rendered":"https:\/\/www.tuckbuilding.com\/product\/evoflash\/"},"modified":"2023-09-29T20:17:18","modified_gmt":"2023-09-29T20:17:18","slug":"evoflash","status":"publish","type":"product","link":"https:\/\/www.tuckbuilding.com\/fr-ca\/product\/evoflash\/","title":{"rendered":"EvoFlash"},"content":{"rendered":"<div class=\"prose\">\n<ul>\n<li>R\u00e9pond \u00e0 la norme AAMA 711-13, Type A, Niveau 3<\/li>\n<li>Excellente adh\u00e9sion offrant un contact initial performant<\/li>\n<li>Offre un pouvoir de maintien solide et durable<\/li>\n<li>Aucun appr\u00eat requis (AAMA 711-13, Type A) lorsque appliqu\u00e9 sur les surfaces appropri\u00e9es<\/li>\n<li>Film flexible qui se conforme bien aux surfaces irr\u00e9guli\u00e8res<\/li>\n<li>Film procurant une \u00e9tanch\u00e9it\u00e9 autour des clous et attaches<\/li>\n<li>R\u00e9siste \u00e0 l&#8217;eau et aux moisissures<\/li>\n<li>Pr\u00e9vient les infiltrations d&#8217;air<\/li>\n<li>Excellente r\u00e9sistance aux rayons UV<\/li>\n<\/ul>\n<h3>Applications<\/h3>\n<ul>\n<li>Membrane solin pare-air, pare-vapeur de recouvrement pour l&#8217;installation de fen\u00eatres et portes<\/li>\n<li>Utilisation recommand\u00e9e sur les fen\u00eatres et portes en bois, d&#8217;aluminium, fibre de verre, vinyle<\/li>\n<li>Recommand\u00e9 pour la plupart des enveloppes isolantes,&#8221;OSB&#8221;, gypse ext\u00e9rieur et panneau de fibres<\/li>\n<li>Toutes les surfaces ci-haut mentionn\u00e9es doivent \u00eatre propres et s\u00e8ches pour assurer un bon contact<\/li>\n<\/ul>\n<\/div>\n","protected":false},"excerpt":{"rendered":"<p>La pr\u00e9vention des fuites d\u2019eau est un facteur important \u00e0 consid\u00e9rer lors de la construction de maisons durables. Notre ruban pour solin haut de gamme Tuck Tape\u00ae EvoFlash\u2122 prot\u00e8ge les ouvertures de portes et fen\u00eatres contre les infiltrations d\u2019eau avec efficacit\u00e9. Ce ruban est fabriqu\u00e9 d\u2019un film de poly\u00e9thyl\u00e8ne multicouche et encoll\u00e9 d\u2019un adh\u00e9sif \u00e0 prise permanente.<\/p>\n<p>SKU# 505021002286, 505521522286, 505902282286, 505303042286<\/p>\n","protected":false},"featured_media":275,"comment_status":"open","ping_status":"closed","template":"","meta":{"_acf_changed":false},"product_brand":[],"product_cat":[52],"product_tag":[53],"associated_application":[],"class_list":{"0":"post-413","1":"product","2":"type-product","3":"status-publish","4":"has-post-thumbnail","6":"product_cat-flashing-tape-fr-ca","7":"product_tag-flashing-tape-fr-ca","9":"first","10":"instock","11":"shipping-taxable","12":"product-type-simple"},"acf":[],"yoast_head":"<!-- This site is optimized with the Yoast SEO Premium plugin v24.1 (Yoast SEO v27.0) - https:\/\/yoast.com\/product\/yoast-seo-premium-wordpress\/ -->\n<title>EvoFlash - Tuck Building<\/title>\n<meta name=\"robots\" content=\"index, follow, max-snippet:-1, max-image-preview:large, max-video-preview:-1\" \/>\n<link rel=\"canonical\" href=\"https:\/\/www.tuckbuilding.com\/fr-ca\/product\/evoflash\/\" \/>\n<meta property=\"og:locale\" content=\"fr_CA\" \/>\n<meta property=\"og:type\" content=\"article\" \/>\n<meta property=\"og:title\" content=\"EvoFlash\" \/>\n<meta property=\"og:description\" content=\"La pr\u00e9vention des fuites d\u2019eau est un facteur important \u00e0 consid\u00e9rer lors de la construction de maisons durables. Notre ruban pour solin haut de gamme Tuck Tape\u00ae EvoFlash\u2122 prot\u00e8ge les ouvertures de portes et fen\u00eatres contre les infiltrations d\u2019eau avec efficacit\u00e9. Ce ruban est fabriqu\u00e9 d\u2019un film de poly\u00e9thyl\u00e8ne multicouche et encoll\u00e9 d\u2019un adh\u00e9sif \u00e0 prise permanente.  SKU# 505021002286, 505521522286, 505902282286, 505303042286\" \/>\n<meta property=\"og:url\" content=\"https:\/\/www.tuckbuilding.com\/fr-ca\/product\/evoflash\/\" \/>\n<meta property=\"og:site_name\" content=\"Tuck Building\" \/>\n<meta property=\"article:modified_time\" content=\"2023-09-29T20:17:18+00:00\" \/>\n<meta property=\"og:image\" content=\"https:\/\/www.tuckbuilding.com\/wp-content\/uploads\/sites\/6\/2023\/05\/505521522286_High.jpg\" \/>\n\t<meta property=\"og:image:width\" content=\"2400\" \/>\n\t<meta property=\"og:image:height\" content=\"2400\" \/>\n\t<meta property=\"og:image:type\" content=\"image\/jpeg\" \/>\n<meta name=\"twitter:card\" content=\"summary_large_image\" \/>\n<meta name=\"twitter:label1\" content=\"Est. reading time\" \/>\n\t<meta name=\"twitter:data1\" content=\"1 minute\" \/>\n<script type=\"application\/ld+json\" class=\"yoast-schema-graph\">{\"@context\":\"https:\/\/schema.org\",\"@graph\":[{\"@type\":\"WebPage\",\"@id\":\"https:\/\/www.tuckbuilding.com\/fr-ca\/product\/evoflash\/\",\"url\":\"https:\/\/www.tuckbuilding.com\/fr-ca\/product\/evoflash\/\",\"name\":\"EvoFlash - Tuck Building\",\"isPartOf\":{\"@id\":\"https:\/\/www.tuckbuilding.com\/#website\"},\"primaryImageOfPage\":{\"@id\":\"https:\/\/www.tuckbuilding.com\/fr-ca\/product\/evoflash\/#primaryimage\"},\"image\":{\"@id\":\"https:\/\/www.tuckbuilding.com\/fr-ca\/product\/evoflash\/#primaryimage\"},\"thumbnailUrl\":\"https:\/\/www.tuckbuilding.com\/wp-content\/uploads\/sites\/6\/images\/505521522286_High.jpg\",\"datePublished\":\"2023-05-19T16:42:52+00:00\",\"dateModified\":\"2023-09-29T20:17:18+00:00\",\"breadcrumb\":{\"@id\":\"https:\/\/www.tuckbuilding.com\/fr-ca\/product\/evoflash\/#breadcrumb\"},\"inLanguage\":\"fr-CA\",\"potentialAction\":[{\"@type\":\"ReadAction\",\"target\":[\"https:\/\/www.tuckbuilding.com\/fr-ca\/product\/evoflash\/\"]}]},{\"@type\":\"ImageObject\",\"inLanguage\":\"fr-CA\",\"@id\":\"https:\/\/www.tuckbuilding.com\/fr-ca\/product\/evoflash\/#primaryimage\",\"url\":\"https:\/\/www.tuckbuilding.com\/wp-content\/uploads\/sites\/6\/images\/505521522286_High.jpg\",\"contentUrl\":\"https:\/\/www.tuckbuilding.com\/wp-content\/uploads\/sites\/6\/images\/505521522286_High.jpg\",\"width\":2400,\"height\":2400,\"caption\":\"Evoflash High\"},{\"@type\":\"BreadcrumbList\",\"@id\":\"https:\/\/www.tuckbuilding.com\/fr-ca\/product\/evoflash\/#breadcrumb\",\"itemListElement\":[{\"@type\":\"ListItem\",\"position\":1,\"name\":\"Home\",\"item\":\"https:\/\/www.tuckbuilding.com\/fr-ca\/\"},{\"@type\":\"ListItem\",\"position\":2,\"name\":\"Products\",\"item\":\"https:\/\/www.tuckbuilding.com\/shop\/\"},{\"@type\":\"ListItem\",\"position\":3,\"name\":\"EvoFlash\"}]},{\"@type\":\"WebSite\",\"@id\":\"https:\/\/www.tuckbuilding.com\/#website\",\"url\":\"https:\/\/www.tuckbuilding.com\/\",\"name\":\"Tuck Building\",\"description\":\"\",\"publisher\":{\"@id\":\"https:\/\/www.tuckbuilding.com\/#organization\"},\"potentialAction\":[{\"@type\":\"SearchAction\",\"target\":{\"@type\":\"EntryPoint\",\"urlTemplate\":\"https:\/\/www.tuckbuilding.com\/?s={search_term_string}\"},\"query-input\":{\"@type\":\"PropertyValueSpecification\",\"valueRequired\":true,\"valueName\":\"search_term_string\"}}],\"inLanguage\":\"fr-CA\"},{\"@type\":\"Organization\",\"@id\":\"https:\/\/www.tuckbuilding.com\/#organization\",\"name\":\"Tuck Building\",\"url\":\"https:\/\/www.tuckbuilding.com\/\",\"logo\":{\"@type\":\"ImageObject\",\"inLanguage\":\"fr-CA\",\"@id\":\"https:\/\/www.tuckbuilding.com\/#\/schema\/logo\/image\/\",\"url\":\"https:\/\/www.tuckbuilding.com\/wp-content\/uploads\/sites\/6\/logos\/cropped-Tuck-logo-60.png\",\"contentUrl\":\"https:\/\/www.tuckbuilding.com\/wp-content\/uploads\/sites\/6\/logos\/cropped-Tuck-logo-60.png\",\"width\":65,\"height\":60,\"caption\":\"Tuck Building\"},\"image\":{\"@id\":\"https:\/\/www.tuckbuilding.com\/#\/schema\/logo\/image\/\"}}]}<\/script>\n<!-- \/ Yoast SEO Premium plugin. -->","yoast_head_json":{"title":"EvoFlash - Tuck Building","robots":{"index":"index","follow":"follow","max-snippet":"max-snippet:-1","max-image-preview":"max-image-preview:large","max-video-preview":"max-video-preview:-1"},"canonical":"https:\/\/www.tuckbuilding.com\/fr-ca\/product\/evoflash\/","og_locale":"fr_CA","og_type":"article","og_title":"EvoFlash","og_description":"La pr\u00e9vention des fuites d\u2019eau est un facteur important \u00e0 consid\u00e9rer lors de la construction de maisons durables. Notre ruban pour solin haut de gamme Tuck Tape\u00ae EvoFlash\u2122 prot\u00e8ge les ouvertures de portes et fen\u00eatres contre les infiltrations d\u2019eau avec efficacit\u00e9. Ce ruban est fabriqu\u00e9 d\u2019un film de poly\u00e9thyl\u00e8ne multicouche et encoll\u00e9 d\u2019un adh\u00e9sif \u00e0 prise permanente.  SKU# 505021002286, 505521522286, 505902282286, 505303042286","og_url":"https:\/\/www.tuckbuilding.com\/fr-ca\/product\/evoflash\/","og_site_name":"Tuck Building","article_modified_time":"2023-09-29T20:17:18+00:00","og_image":[{"width":2400,"height":2400,"url":"https:\/\/www.tuckbuilding.com\/wp-content\/uploads\/sites\/6\/2023\/05\/505521522286_High.jpg","type":"image\/jpeg"}],"twitter_card":"summary_large_image","twitter_misc":{"Est. reading time":"1 minute"},"schema":{"@context":"https:\/\/schema.org","@graph":[{"@type":"WebPage","@id":"https:\/\/www.tuckbuilding.com\/fr-ca\/product\/evoflash\/","url":"https:\/\/www.tuckbuilding.com\/fr-ca\/product\/evoflash\/","name":"EvoFlash - Tuck Building","isPartOf":{"@id":"https:\/\/www.tuckbuilding.com\/#website"},"primaryImageOfPage":{"@id":"https:\/\/www.tuckbuilding.com\/fr-ca\/product\/evoflash\/#primaryimage"},"image":{"@id":"https:\/\/www.tuckbuilding.com\/fr-ca\/product\/evoflash\/#primaryimage"},"thumbnailUrl":"https:\/\/www.tuckbuilding.com\/wp-content\/uploads\/sites\/6\/images\/505521522286_High.jpg","datePublished":"2023-05-19T16:42:52+00:00","dateModified":"2023-09-29T20:17:18+00:00","breadcrumb":{"@id":"https:\/\/www.tuckbuilding.com\/fr-ca\/product\/evoflash\/#breadcrumb"},"inLanguage":"fr-CA","potentialAction":[{"@type":"ReadAction","target":["https:\/\/www.tuckbuilding.com\/fr-ca\/product\/evoflash\/"]}]},{"@type":"ImageObject","inLanguage":"fr-CA","@id":"https:\/\/www.tuckbuilding.com\/fr-ca\/product\/evoflash\/#primaryimage","url":"https:\/\/www.tuckbuilding.com\/wp-content\/uploads\/sites\/6\/images\/505521522286_High.jpg","contentUrl":"https:\/\/www.tuckbuilding.com\/wp-content\/uploads\/sites\/6\/images\/505521522286_High.jpg","width":2400,"height":2400,"caption":"Evoflash High"},{"@type":"BreadcrumbList","@id":"https:\/\/www.tuckbuilding.com\/fr-ca\/product\/evoflash\/#breadcrumb","itemListElement":[{"@type":"ListItem","position":1,"name":"Home","item":"https:\/\/www.tuckbuilding.com\/fr-ca\/"},{"@type":"ListItem","position":2,"name":"Products","item":"https:\/\/www.tuckbuilding.com\/shop\/"},{"@type":"ListItem","position":3,"name":"EvoFlash"}]},{"@type":"WebSite","@id":"https:\/\/www.tuckbuilding.com\/#website","url":"https:\/\/www.tuckbuilding.com\/","name":"Tuck Building","description":"","publisher":{"@id":"https:\/\/www.tuckbuilding.com\/#organization"},"potentialAction":[{"@type":"SearchAction","target":{"@type":"EntryPoint","urlTemplate":"https:\/\/www.tuckbuilding.com\/?s={search_term_string}"},"query-input":{"@type":"PropertyValueSpecification","valueRequired":true,"valueName":"search_term_string"}}],"inLanguage":"fr-CA"},{"@type":"Organization","@id":"https:\/\/www.tuckbuilding.com\/#organization","name":"Tuck Building","url":"https:\/\/www.tuckbuilding.com\/","logo":{"@type":"ImageObject","inLanguage":"fr-CA","@id":"https:\/\/www.tuckbuilding.com\/#\/schema\/logo\/image\/","url":"https:\/\/www.tuckbuilding.com\/wp-content\/uploads\/sites\/6\/logos\/cropped-Tuck-logo-60.png","contentUrl":"https:\/\/www.tuckbuilding.com\/wp-content\/uploads\/sites\/6\/logos\/cropped-Tuck-logo-60.png","width":65,"height":60,"caption":"Tuck Building"},"image":{"@id":"https:\/\/www.tuckbuilding.com\/#\/schema\/logo\/image\/"}}]}},"jetpack_sharing_enabled":true,"_links":{"self":[{"href":"https:\/\/www.tuckbuilding.com\/fr-ca\/wp-json\/wp\/v2\/product\/413","targetHints":{"allow":["GET"]}}],"collection":[{"href":"https:\/\/www.tuckbuilding.com\/fr-ca\/wp-json\/wp\/v2\/product"}],"about":[{"href":"https:\/\/www.tuckbuilding.com\/fr-ca\/wp-json\/wp\/v2\/types\/product"}],"replies":[{"embeddable":true,"href":"https:\/\/www.tuckbuilding.com\/fr-ca\/wp-json\/wp\/v2\/comments?post=413"}],"wp:featuredmedia":[{"embeddable":true,"href":"https:\/\/www.tuckbuilding.com\/fr-ca\/wp-json\/wp\/v2\/media\/275"}],"wp:attachment":[{"href":"https:\/\/www.tuckbuilding.com\/fr-ca\/wp-json\/wp\/v2\/media?parent=413"}],"wp:term":[{"taxonomy":"product_brand","embeddable":true,"href":"https:\/\/www.tuckbuilding.com\/fr-ca\/wp-json\/wp\/v2\/product_brand?post=413"},{"taxonomy":"product_cat","embeddable":true,"href":"https:\/\/www.tuckbuilding.com\/fr-ca\/wp-json\/wp\/v2\/product_cat?post=413"},{"taxonomy":"product_tag","embeddable":true,"href":"https:\/\/www.tuckbuilding.com\/fr-ca\/wp-json\/wp\/v2\/product_tag?post=413"},{"taxonomy":"associated_application","embeddable":true,"href":"https:\/\/www.tuckbuilding.com\/fr-ca\/wp-json\/wp\/v2\/associated_application?post=413"}],"curies":[{"name":"wp","href":"https:\/\/api.w.org\/{rel}","templated":true}]}}