{"id":409,"date":"2023-05-19T17:34:39","date_gmt":"2023-05-19T17:34:39","guid":{"rendered":"https:\/\/www.tuckbuilding.com\/product\/red-sheathing-tape\/"},"modified":"2024-05-15T16:32:15","modified_gmt":"2024-05-15T16:32:15","slug":"red-sheathing-tape","status":"publish","type":"product","link":"https:\/\/www.tuckbuilding.com\/fr-ca\/product\/red-sheathing-tape\/","title":{"rendered":"Ruban de Rev\u00eatement Rouge"},"content":{"rendered":"<div class=\"prose\">\n<ul>\n<li>Excellente adh\u00e9sion offrant un contact agressif<\/li>\n<li>Offre un pouvoir de maintien solide et durable<\/li>\n<li>R\u00e9siste \u00e0 l\u2019eau et l\u2019humidit\u00e9<\/li>\n<li>Excellente r\u00e9sistance aux rayons UV et aux intemp\u00e9ries<\/li>\n<li>Pr\u00e9vient les infiltrations d\u2019air<\/li>\n<li>\u00c9valu\u00e9 par le Centre Canadien de Mat\u00e9riaux de Construction. Rapport #11955-R<\/li>\n<\/ul>\n<h3>Applications<\/h3>\n<ul>\n<li>Pour sceller les joints de membranes de rev\u00eatement<\/li>\n<li>Le ruban doit \u00eatre press\u00e9 fermement sur la surface<\/li>\n<li>Doit \u00eatre appliqu\u00e9 sur des surfaces propres et s\u00e8ches<\/li>\n<\/ul>\n<\/div>\n","protected":false},"excerpt":{"rendered":"<p>Largement reconnu dans le march\u00e9 du b\u00e2timent et de la construction au Canada pour sa fiabilit\u00e9 et son rendement \u00e0 long terme, le ruban de rev\u00eatement Tuck Tape\u00ae est con\u00e7u pour joindre et sceller de fa\u00e7on permanente les membranes de rev\u00eatement. Employ\u00e9 pour fixer les bords de chevauchement des membranes de b\u00e2timent, il pr\u00e9vient aussi les infiltrations d\u2019air. \u00c9valu\u00e9 par le CCMC <a href=\"https:\/\/nrc.canada.ca\/en\/certifications-evaluations-standards\/canadian-construction-materials-centre\/ccmc-publications\/document.html?type=cert&amp;id=11955-R\" target=\"_blank\" rel=\"noopener\">(consultez le rapport #11955-R).<\/a><\/p>\n<p>SKU# 20500<\/p>\n","protected":false},"featured_media":270,"template":"","meta":{"_acf_changed":false},"product_brand":[],"product_cat":[45],"product_tag":[46],"associated_application":[],"class_list":{"0":"post-409","1":"product","2":"type-product","3":"status-publish","4":"has-post-thumbnail","6":"product_cat-sheathing-tape-fr-ca","7":"product_tag-sheathing-tape-fr-ca","9":"first","10":"instock","11":"shipping-taxable","12":"product-type-simple"},"acf":[],"yoast_head":"<!-- This site is optimized with the Yoast SEO Premium plugin v24.1 (Yoast SEO v27.3) - https:\/\/yoast.com\/product\/yoast-seo-premium-wordpress\/ -->\n<title>Ruban de Rev\u00eatement Rouge - Tuck Building<\/title>\n<meta name=\"robots\" content=\"index, follow, max-snippet:-1, max-image-preview:large, max-video-preview:-1\" \/>\n<link rel=\"canonical\" href=\"https:\/\/www.tuckbuilding.com\/fr-ca\/product\/red-sheathing-tape\/\" \/>\n<meta property=\"og:locale\" content=\"fr_CA\" \/>\n<meta property=\"og:type\" content=\"article\" \/>\n<meta property=\"og:title\" content=\"Ruban de Rev\u00eatement Rouge\" \/>\n<meta property=\"og:description\" content=\"Largement reconnu dans le march\u00e9 du b\u00e2timent et de la construction au Canada pour sa fiabilit\u00e9 et son rendement \u00e0 long terme, le ruban de rev\u00eatement Tuck Tape\u00ae est con\u00e7u pour joindre et sceller de fa\u00e7on permanente les membranes de rev\u00eatement. Employ\u00e9 pour fixer les bords de chevauchement des membranes de b\u00e2timent, il pr\u00e9vient aussi les infiltrations d\u2019air. \u00c9valu\u00e9 par le CCMC (consultez le rapport #11955-R).  SKU# 20500\" \/>\n<meta property=\"og:url\" content=\"https:\/\/www.tuckbuilding.com\/fr-ca\/product\/red-sheathing-tape\/\" \/>\n<meta property=\"og:site_name\" content=\"Tuck Building\" \/>\n<meta property=\"article:modified_time\" content=\"2024-05-15T16:32:15+00:00\" \/>\n<meta name=\"twitter:card\" content=\"summary_large_image\" \/>\n<meta name=\"twitter:image\" content=\"https:\/\/www.tuckbuilding.com\/wp-content\/uploads\/sites\/6\/images\/20500_high-1.jpg\" \/>\n<meta name=\"twitter:label1\" content=\"Est. reading time\" \/>\n\t<meta name=\"twitter:data1\" content=\"1 minute\" \/>\n<script type=\"application\/ld+json\" class=\"yoast-schema-graph\">{\"@context\":\"https:\\\/\\\/schema.org\",\"@graph\":[{\"@type\":\"WebPage\",\"@id\":\"https:\\\/\\\/www.tuckbuilding.com\\\/fr-ca\\\/product\\\/red-sheathing-tape\\\/\",\"url\":\"https:\\\/\\\/www.tuckbuilding.com\\\/fr-ca\\\/product\\\/red-sheathing-tape\\\/\",\"name\":\"Ruban de Rev\u00eatement Rouge - Tuck Building\",\"isPartOf\":{\"@id\":\"https:\\\/\\\/www.tuckbuilding.com\\\/#website\"},\"primaryImageOfPage\":{\"@id\":\"https:\\\/\\\/www.tuckbuilding.com\\\/fr-ca\\\/product\\\/red-sheathing-tape\\\/#primaryimage\"},\"image\":{\"@id\":\"https:\\\/\\\/www.tuckbuilding.com\\\/fr-ca\\\/product\\\/red-sheathing-tape\\\/#primaryimage\"},\"thumbnailUrl\":\"https:\\\/\\\/www.tuckbuilding.com\\\/wp-content\\\/uploads\\\/sites\\\/6\\\/images\\\/20500_high-1.jpg\",\"datePublished\":\"2023-05-19T17:34:39+00:00\",\"dateModified\":\"2024-05-15T16:32:15+00:00\",\"breadcrumb\":{\"@id\":\"https:\\\/\\\/www.tuckbuilding.com\\\/fr-ca\\\/product\\\/red-sheathing-tape\\\/#breadcrumb\"},\"inLanguage\":\"fr-CA\",\"potentialAction\":[{\"@type\":\"ReadAction\",\"target\":[\"https:\\\/\\\/www.tuckbuilding.com\\\/fr-ca\\\/product\\\/red-sheathing-tape\\\/\"]}]},{\"@type\":\"ImageObject\",\"inLanguage\":\"fr-CA\",\"@id\":\"https:\\\/\\\/www.tuckbuilding.com\\\/fr-ca\\\/product\\\/red-sheathing-tape\\\/#primaryimage\",\"url\":\"https:\\\/\\\/www.tuckbuilding.com\\\/wp-content\\\/uploads\\\/sites\\\/6\\\/images\\\/20500_high-1.jpg\",\"contentUrl\":\"https:\\\/\\\/www.tuckbuilding.com\\\/wp-content\\\/uploads\\\/sites\\\/6\\\/images\\\/20500_high-1.jpg\",\"width\":2400,\"height\":2400,\"caption\":\"Tuck-Sheathing-20500_High\"},{\"@type\":\"BreadcrumbList\",\"@id\":\"https:\\\/\\\/www.tuckbuilding.com\\\/fr-ca\\\/product\\\/red-sheathing-tape\\\/#breadcrumb\",\"itemListElement\":[{\"@type\":\"ListItem\",\"position\":1,\"name\":\"Home\",\"item\":\"https:\\\/\\\/www.tuckbuilding.com\\\/fr-ca\\\/\"},{\"@type\":\"ListItem\",\"position\":2,\"name\":\"Products\",\"item\":\"https:\\\/\\\/www.tuckbuilding.com\\\/shop\\\/\"},{\"@type\":\"ListItem\",\"position\":3,\"name\":\"Ruban de Rev\u00eatement Rouge\"}]},{\"@type\":\"WebSite\",\"@id\":\"https:\\\/\\\/www.tuckbuilding.com\\\/#website\",\"url\":\"https:\\\/\\\/www.tuckbuilding.com\\\/\",\"name\":\"Tuck Building\",\"description\":\"\",\"publisher\":{\"@id\":\"https:\\\/\\\/www.tuckbuilding.com\\\/#organization\"},\"potentialAction\":[{\"@type\":\"SearchAction\",\"target\":{\"@type\":\"EntryPoint\",\"urlTemplate\":\"https:\\\/\\\/www.tuckbuilding.com\\\/?s={search_term_string}\"},\"query-input\":{\"@type\":\"PropertyValueSpecification\",\"valueRequired\":true,\"valueName\":\"search_term_string\"}}],\"inLanguage\":\"fr-CA\"},{\"@type\":\"Organization\",\"@id\":\"https:\\\/\\\/www.tuckbuilding.com\\\/#organization\",\"name\":\"Tuck Building\",\"url\":\"https:\\\/\\\/www.tuckbuilding.com\\\/\",\"logo\":{\"@type\":\"ImageObject\",\"inLanguage\":\"fr-CA\",\"@id\":\"https:\\\/\\\/www.tuckbuilding.com\\\/#\\\/schema\\\/logo\\\/image\\\/\",\"url\":\"https:\\\/\\\/www.tuckbuilding.com\\\/wp-content\\\/uploads\\\/sites\\\/6\\\/logos\\\/cropped-Tuck-logo-60.png\",\"contentUrl\":\"https:\\\/\\\/www.tuckbuilding.com\\\/wp-content\\\/uploads\\\/sites\\\/6\\\/logos\\\/cropped-Tuck-logo-60.png\",\"width\":65,\"height\":60,\"caption\":\"Tuck Building\"},\"image\":{\"@id\":\"https:\\\/\\\/www.tuckbuilding.com\\\/#\\\/schema\\\/logo\\\/image\\\/\"}}]}<\/script>\n<!-- \/ Yoast SEO Premium plugin. -->","yoast_head_json":{"title":"Ruban de Rev\u00eatement Rouge - Tuck Building","robots":{"index":"index","follow":"follow","max-snippet":"max-snippet:-1","max-image-preview":"max-image-preview:large","max-video-preview":"max-video-preview:-1"},"canonical":"https:\/\/www.tuckbuilding.com\/fr-ca\/product\/red-sheathing-tape\/","og_locale":"fr_CA","og_type":"article","og_title":"Ruban de Rev\u00eatement Rouge","og_description":"Largement reconnu dans le march\u00e9 du b\u00e2timent et de la construction au Canada pour sa fiabilit\u00e9 et son rendement \u00e0 long terme, le ruban de rev\u00eatement Tuck Tape\u00ae est con\u00e7u pour joindre et sceller de fa\u00e7on permanente les membranes de rev\u00eatement. Employ\u00e9 pour fixer les bords de chevauchement des membranes de b\u00e2timent, il pr\u00e9vient aussi les infiltrations d\u2019air. \u00c9valu\u00e9 par le CCMC (consultez le rapport #11955-R).  SKU# 20500","og_url":"https:\/\/www.tuckbuilding.com\/fr-ca\/product\/red-sheathing-tape\/","og_site_name":"Tuck Building","article_modified_time":"2024-05-15T16:32:15+00:00","twitter_card":"summary_large_image","twitter_image":"https:\/\/www.tuckbuilding.com\/wp-content\/uploads\/sites\/6\/images\/20500_high-1.jpg","twitter_misc":{"Est. reading time":"1 minute"},"schema":{"@context":"https:\/\/schema.org","@graph":[{"@type":"WebPage","@id":"https:\/\/www.tuckbuilding.com\/fr-ca\/product\/red-sheathing-tape\/","url":"https:\/\/www.tuckbuilding.com\/fr-ca\/product\/red-sheathing-tape\/","name":"Ruban de Rev\u00eatement Rouge - Tuck Building","isPartOf":{"@id":"https:\/\/www.tuckbuilding.com\/#website"},"primaryImageOfPage":{"@id":"https:\/\/www.tuckbuilding.com\/fr-ca\/product\/red-sheathing-tape\/#primaryimage"},"image":{"@id":"https:\/\/www.tuckbuilding.com\/fr-ca\/product\/red-sheathing-tape\/#primaryimage"},"thumbnailUrl":"https:\/\/www.tuckbuilding.com\/wp-content\/uploads\/sites\/6\/images\/20500_high-1.jpg","datePublished":"2023-05-19T17:34:39+00:00","dateModified":"2024-05-15T16:32:15+00:00","breadcrumb":{"@id":"https:\/\/www.tuckbuilding.com\/fr-ca\/product\/red-sheathing-tape\/#breadcrumb"},"inLanguage":"fr-CA","potentialAction":[{"@type":"ReadAction","target":["https:\/\/www.tuckbuilding.com\/fr-ca\/product\/red-sheathing-tape\/"]}]},{"@type":"ImageObject","inLanguage":"fr-CA","@id":"https:\/\/www.tuckbuilding.com\/fr-ca\/product\/red-sheathing-tape\/#primaryimage","url":"https:\/\/www.tuckbuilding.com\/wp-content\/uploads\/sites\/6\/images\/20500_high-1.jpg","contentUrl":"https:\/\/www.tuckbuilding.com\/wp-content\/uploads\/sites\/6\/images\/20500_high-1.jpg","width":2400,"height":2400,"caption":"Tuck-Sheathing-20500_High"},{"@type":"BreadcrumbList","@id":"https:\/\/www.tuckbuilding.com\/fr-ca\/product\/red-sheathing-tape\/#breadcrumb","itemListElement":[{"@type":"ListItem","position":1,"name":"Home","item":"https:\/\/www.tuckbuilding.com\/fr-ca\/"},{"@type":"ListItem","position":2,"name":"Products","item":"https:\/\/www.tuckbuilding.com\/shop\/"},{"@type":"ListItem","position":3,"name":"Ruban de Rev\u00eatement Rouge"}]},{"@type":"WebSite","@id":"https:\/\/www.tuckbuilding.com\/#website","url":"https:\/\/www.tuckbuilding.com\/","name":"Tuck Building","description":"","publisher":{"@id":"https:\/\/www.tuckbuilding.com\/#organization"},"potentialAction":[{"@type":"SearchAction","target":{"@type":"EntryPoint","urlTemplate":"https:\/\/www.tuckbuilding.com\/?s={search_term_string}"},"query-input":{"@type":"PropertyValueSpecification","valueRequired":true,"valueName":"search_term_string"}}],"inLanguage":"fr-CA"},{"@type":"Organization","@id":"https:\/\/www.tuckbuilding.com\/#organization","name":"Tuck Building","url":"https:\/\/www.tuckbuilding.com\/","logo":{"@type":"ImageObject","inLanguage":"fr-CA","@id":"https:\/\/www.tuckbuilding.com\/#\/schema\/logo\/image\/","url":"https:\/\/www.tuckbuilding.com\/wp-content\/uploads\/sites\/6\/logos\/cropped-Tuck-logo-60.png","contentUrl":"https:\/\/www.tuckbuilding.com\/wp-content\/uploads\/sites\/6\/logos\/cropped-Tuck-logo-60.png","width":65,"height":60,"caption":"Tuck Building"},"image":{"@id":"https:\/\/www.tuckbuilding.com\/#\/schema\/logo\/image\/"}}]}},"jetpack_sharing_enabled":true,"_links":{"self":[{"href":"https:\/\/www.tuckbuilding.com\/fr-ca\/wp-json\/wp\/v2\/product\/409","targetHints":{"allow":["GET"]}}],"collection":[{"href":"https:\/\/www.tuckbuilding.com\/fr-ca\/wp-json\/wp\/v2\/product"}],"about":[{"href":"https:\/\/www.tuckbuilding.com\/fr-ca\/wp-json\/wp\/v2\/types\/product"}],"wp:featuredmedia":[{"embeddable":true,"href":"https:\/\/www.tuckbuilding.com\/fr-ca\/wp-json\/wp\/v2\/media\/270"}],"wp:attachment":[{"href":"https:\/\/www.tuckbuilding.com\/fr-ca\/wp-json\/wp\/v2\/media?parent=409"}],"wp:term":[{"taxonomy":"product_brand","embeddable":true,"href":"https:\/\/www.tuckbuilding.com\/fr-ca\/wp-json\/wp\/v2\/product_brand?post=409"},{"taxonomy":"product_cat","embeddable":true,"href":"https:\/\/www.tuckbuilding.com\/fr-ca\/wp-json\/wp\/v2\/product_cat?post=409"},{"taxonomy":"product_tag","embeddable":true,"href":"https:\/\/www.tuckbuilding.com\/fr-ca\/wp-json\/wp\/v2\/product_tag?post=409"},{"taxonomy":"associated_application","embeddable":true,"href":"https:\/\/www.tuckbuilding.com\/fr-ca\/wp-json\/wp\/v2\/associated_application?post=409"}],"curies":[{"name":"wp","href":"https:\/\/api.w.org\/{rel}","templated":true}]}}