{"id":407,"date":"2023-05-19T17:35:40","date_gmt":"2023-05-19T17:35:40","guid":{"rendered":"https:\/\/www.tuckbuilding.com\/product\/blue-sheathing-tape\/"},"modified":"2024-05-28T12:15:32","modified_gmt":"2024-05-28T12:15:32","slug":"blue-sheathing-tape","status":"publish","type":"product","link":"https:\/\/www.tuckbuilding.com\/fr-ca\/product\/blue-sheathing-tape\/","title":{"rendered":"Ruban de Rev\u00eatement Bleu"},"content":{"rendered":"<div class=\"prose\">\n<ul>\n<li>Pouvoir adh\u00e9rent puissant de haut rendement<\/li>\n<li>Adh\u00e9sion remarquable sur du poly\u00e9thyl\u00e8ne et les membranes Pare-Air les plus populaires<\/li>\n<li>Pouvoir de maintien sup\u00e9rieur et durable<\/li>\n<li>R\u00e9siste \u00e0 l\u2019eau et l\u2019humidit\u00e9<\/li>\n<li>R\u00e9siste \u00e0 la moisissure<\/li>\n<li>Excellente r\u00e9sistance aux ultraviolets<\/li>\n<li>Aide \u00e0 pr\u00e9venir l\u2019infiltration d\u2019air<\/li>\n<li>\u00c9valu\u00e9 par le CCMC. Rapports #11955-R et #14018-R<\/li>\n<\/ul>\n<h3>Applications<\/h3>\n<ul>\n<li>Joindre et sceller les joints de coupe-vapeur de poly\u00e9thyl\u00e8ne et les joints de membrane de rev\u00eatement<\/li>\n<li>Le ruban doit \u00eatre appos\u00e9 au centre du joint du chevauchement du film<\/li>\n<li>30mm du ruban doit \u00eatre appliqu\u00e9 de chaque c\u00f4t\u00e9 du chevauchement<\/li>\n<li>Le ruban doit \u00eatre appos\u00e9 au centre du joint du chevauchement du film<\/li>\n<li>Une pression ad\u00e9quate doit \u00eatre appliqu\u00e9e sur le ruban<\/li>\n<li>Doit \u00eatre appliqu\u00e9 sur une surface propre et s\u00e8che<\/li>\n<\/ul>\n<\/div>\n","protected":false},"excerpt":{"rendered":"<p>Ce ruban est fabriqu\u00e9 d\u2019un film de polypropyl\u00e8ne trait\u00e9 pour r\u00e9sister aux ultraviolets et enduit d\u2019un adh\u00e9sif acrylique d\u2019une formule sp\u00e9ciale. Ce ruban fut d\u00e9velopp\u00e9 sp\u00e9cifiquement pour sceller les joints de coupe-vapeur de PE et de membranes Pare-Air. Le 21908 est la seule m\u00e9thode \u00e9valu\u00e9e par CCMC pour sceller les joints de coupe-vapeur de PE \u00e0 l\u2019int\u00e9rieur et les joints de membranes de rev\u00eatement \u00e0 l\u2019ext\u00e9rieur.<\/p>\n<p>SKU# 21908 (rouleau unique)<br \/>\nSKU# 219456055 (4 rouleaux)<\/p>\n","protected":false},"featured_media":549,"template":"","meta":{"_acf_changed":false},"product_brand":[],"product_cat":[45],"product_tag":[46],"associated_application":[],"class_list":{"0":"post-407","1":"product","2":"type-product","3":"status-publish","4":"has-post-thumbnail","6":"product_cat-sheathing-tape-fr-ca","7":"product_tag-sheathing-tape-fr-ca","9":"first","10":"instock","11":"shipping-taxable","12":"product-type-simple"},"acf":[],"yoast_head":"<!-- This site is optimized with the Yoast SEO Premium plugin v24.1 (Yoast SEO v27.3) - https:\/\/yoast.com\/product\/yoast-seo-premium-wordpress\/ -->\n<title>Ruban de Rev\u00eatement Bleu - Tuck Building<\/title>\n<meta name=\"robots\" content=\"index, follow, max-snippet:-1, max-image-preview:large, max-video-preview:-1\" \/>\n<link rel=\"canonical\" href=\"https:\/\/www.tuckbuilding.com\/fr-ca\/product\/blue-sheathing-tape\/\" \/>\n<meta property=\"og:locale\" content=\"fr_CA\" \/>\n<meta property=\"og:type\" content=\"article\" \/>\n<meta property=\"og:title\" content=\"Ruban de Rev\u00eatement Bleu\" \/>\n<meta property=\"og:description\" content=\"Ce ruban est fabriqu\u00e9 d\u2019un film de polypropyl\u00e8ne trait\u00e9 pour r\u00e9sister aux ultraviolets et enduit d\u2019un adh\u00e9sif acrylique d\u2019une formule sp\u00e9ciale. Ce ruban fut d\u00e9velopp\u00e9 sp\u00e9cifiquement pour sceller les joints de coupe-vapeur de PE et de membranes Pare-Air. Le 21908 est la seule m\u00e9thode \u00e9valu\u00e9e par CCMC pour sceller les joints de coupe-vapeur de PE \u00e0 l\u2019int\u00e9rieur et les joints de membranes de rev\u00eatement \u00e0 l\u2019ext\u00e9rieur.  SKU# 21908 (rouleau unique) SKU# 219456055 (4 rouleaux)\" \/>\n<meta property=\"og:url\" content=\"https:\/\/www.tuckbuilding.com\/fr-ca\/product\/blue-sheathing-tape\/\" \/>\n<meta property=\"og:site_name\" content=\"Tuck Building\" \/>\n<meta property=\"article:modified_time\" content=\"2024-05-28T12:15:32+00:00\" \/>\n<meta property=\"og:image\" content=\"https:\/\/www.tuckbuilding.com\/wp-content\/uploads\/sites\/6\/2023\/07\/21908-Blue-SheathingTape_High.jpg\" \/>\n\t<meta property=\"og:image:width\" content=\"2060\" \/>\n\t<meta property=\"og:image:height\" content=\"2060\" \/>\n\t<meta property=\"og:image:type\" content=\"image\/jpeg\" \/>\n<meta name=\"twitter:card\" content=\"summary_large_image\" \/>\n<meta name=\"twitter:label1\" content=\"Est. reading time\" \/>\n\t<meta name=\"twitter:data1\" content=\"1 minute\" \/>\n<script type=\"application\/ld+json\" class=\"yoast-schema-graph\">{\"@context\":\"https:\\\/\\\/schema.org\",\"@graph\":[{\"@type\":\"WebPage\",\"@id\":\"https:\\\/\\\/www.tuckbuilding.com\\\/fr-ca\\\/product\\\/blue-sheathing-tape\\\/\",\"url\":\"https:\\\/\\\/www.tuckbuilding.com\\\/fr-ca\\\/product\\\/blue-sheathing-tape\\\/\",\"name\":\"Ruban de Rev\u00eatement Bleu - Tuck Building\",\"isPartOf\":{\"@id\":\"https:\\\/\\\/www.tuckbuilding.com\\\/#website\"},\"primaryImageOfPage\":{\"@id\":\"https:\\\/\\\/www.tuckbuilding.com\\\/fr-ca\\\/product\\\/blue-sheathing-tape\\\/#primaryimage\"},\"image\":{\"@id\":\"https:\\\/\\\/www.tuckbuilding.com\\\/fr-ca\\\/product\\\/blue-sheathing-tape\\\/#primaryimage\"},\"thumbnailUrl\":\"https:\\\/\\\/www.tuckbuilding.com\\\/wp-content\\\/uploads\\\/sites\\\/6\\\/images\\\/21908-Blue-SheathingTape_High.jpg\",\"datePublished\":\"2023-05-19T17:35:40+00:00\",\"dateModified\":\"2024-05-28T12:15:32+00:00\",\"breadcrumb\":{\"@id\":\"https:\\\/\\\/www.tuckbuilding.com\\\/fr-ca\\\/product\\\/blue-sheathing-tape\\\/#breadcrumb\"},\"inLanguage\":\"fr-CA\",\"potentialAction\":[{\"@type\":\"ReadAction\",\"target\":[\"https:\\\/\\\/www.tuckbuilding.com\\\/fr-ca\\\/product\\\/blue-sheathing-tape\\\/\"]}]},{\"@type\":\"ImageObject\",\"inLanguage\":\"fr-CA\",\"@id\":\"https:\\\/\\\/www.tuckbuilding.com\\\/fr-ca\\\/product\\\/blue-sheathing-tape\\\/#primaryimage\",\"url\":\"https:\\\/\\\/www.tuckbuilding.com\\\/wp-content\\\/uploads\\\/sites\\\/6\\\/images\\\/21908-Blue-SheathingTape_High.jpg\",\"contentUrl\":\"https:\\\/\\\/www.tuckbuilding.com\\\/wp-content\\\/uploads\\\/sites\\\/6\\\/images\\\/21908-Blue-SheathingTape_High.jpg\",\"width\":2060,\"height\":2060,\"caption\":\"21908-Blue-SheathingTape\"},{\"@type\":\"BreadcrumbList\",\"@id\":\"https:\\\/\\\/www.tuckbuilding.com\\\/fr-ca\\\/product\\\/blue-sheathing-tape\\\/#breadcrumb\",\"itemListElement\":[{\"@type\":\"ListItem\",\"position\":1,\"name\":\"Home\",\"item\":\"https:\\\/\\\/www.tuckbuilding.com\\\/fr-ca\\\/\"},{\"@type\":\"ListItem\",\"position\":2,\"name\":\"Products\",\"item\":\"https:\\\/\\\/www.tuckbuilding.com\\\/shop\\\/\"},{\"@type\":\"ListItem\",\"position\":3,\"name\":\"Ruban de Rev\u00eatement Bleu\"}]},{\"@type\":\"WebSite\",\"@id\":\"https:\\\/\\\/www.tuckbuilding.com\\\/#website\",\"url\":\"https:\\\/\\\/www.tuckbuilding.com\\\/\",\"name\":\"Tuck Building\",\"description\":\"\",\"publisher\":{\"@id\":\"https:\\\/\\\/www.tuckbuilding.com\\\/#organization\"},\"potentialAction\":[{\"@type\":\"SearchAction\",\"target\":{\"@type\":\"EntryPoint\",\"urlTemplate\":\"https:\\\/\\\/www.tuckbuilding.com\\\/?s={search_term_string}\"},\"query-input\":{\"@type\":\"PropertyValueSpecification\",\"valueRequired\":true,\"valueName\":\"search_term_string\"}}],\"inLanguage\":\"fr-CA\"},{\"@type\":\"Organization\",\"@id\":\"https:\\\/\\\/www.tuckbuilding.com\\\/#organization\",\"name\":\"Tuck Building\",\"url\":\"https:\\\/\\\/www.tuckbuilding.com\\\/\",\"logo\":{\"@type\":\"ImageObject\",\"inLanguage\":\"fr-CA\",\"@id\":\"https:\\\/\\\/www.tuckbuilding.com\\\/#\\\/schema\\\/logo\\\/image\\\/\",\"url\":\"https:\\\/\\\/www.tuckbuilding.com\\\/wp-content\\\/uploads\\\/sites\\\/6\\\/logos\\\/cropped-Tuck-logo-60.png\",\"contentUrl\":\"https:\\\/\\\/www.tuckbuilding.com\\\/wp-content\\\/uploads\\\/sites\\\/6\\\/logos\\\/cropped-Tuck-logo-60.png\",\"width\":65,\"height\":60,\"caption\":\"Tuck Building\"},\"image\":{\"@id\":\"https:\\\/\\\/www.tuckbuilding.com\\\/#\\\/schema\\\/logo\\\/image\\\/\"}}]}<\/script>\n<!-- \/ Yoast SEO Premium plugin. -->","yoast_head_json":{"title":"Ruban de Rev\u00eatement Bleu - Tuck Building","robots":{"index":"index","follow":"follow","max-snippet":"max-snippet:-1","max-image-preview":"max-image-preview:large","max-video-preview":"max-video-preview:-1"},"canonical":"https:\/\/www.tuckbuilding.com\/fr-ca\/product\/blue-sheathing-tape\/","og_locale":"fr_CA","og_type":"article","og_title":"Ruban de Rev\u00eatement Bleu","og_description":"Ce ruban est fabriqu\u00e9 d\u2019un film de polypropyl\u00e8ne trait\u00e9 pour r\u00e9sister aux ultraviolets et enduit d\u2019un adh\u00e9sif acrylique d\u2019une formule sp\u00e9ciale. Ce ruban fut d\u00e9velopp\u00e9 sp\u00e9cifiquement pour sceller les joints de coupe-vapeur de PE et de membranes Pare-Air. Le 21908 est la seule m\u00e9thode \u00e9valu\u00e9e par CCMC pour sceller les joints de coupe-vapeur de PE \u00e0 l\u2019int\u00e9rieur et les joints de membranes de rev\u00eatement \u00e0 l\u2019ext\u00e9rieur.  SKU# 21908 (rouleau unique) SKU# 219456055 (4 rouleaux)","og_url":"https:\/\/www.tuckbuilding.com\/fr-ca\/product\/blue-sheathing-tape\/","og_site_name":"Tuck Building","article_modified_time":"2024-05-28T12:15:32+00:00","og_image":[{"width":2060,"height":2060,"url":"https:\/\/www.tuckbuilding.com\/wp-content\/uploads\/sites\/6\/2023\/07\/21908-Blue-SheathingTape_High.jpg","type":"image\/jpeg"}],"twitter_card":"summary_large_image","twitter_misc":{"Est. reading time":"1 minute"},"schema":{"@context":"https:\/\/schema.org","@graph":[{"@type":"WebPage","@id":"https:\/\/www.tuckbuilding.com\/fr-ca\/product\/blue-sheathing-tape\/","url":"https:\/\/www.tuckbuilding.com\/fr-ca\/product\/blue-sheathing-tape\/","name":"Ruban de Rev\u00eatement Bleu - Tuck Building","isPartOf":{"@id":"https:\/\/www.tuckbuilding.com\/#website"},"primaryImageOfPage":{"@id":"https:\/\/www.tuckbuilding.com\/fr-ca\/product\/blue-sheathing-tape\/#primaryimage"},"image":{"@id":"https:\/\/www.tuckbuilding.com\/fr-ca\/product\/blue-sheathing-tape\/#primaryimage"},"thumbnailUrl":"https:\/\/www.tuckbuilding.com\/wp-content\/uploads\/sites\/6\/images\/21908-Blue-SheathingTape_High.jpg","datePublished":"2023-05-19T17:35:40+00:00","dateModified":"2024-05-28T12:15:32+00:00","breadcrumb":{"@id":"https:\/\/www.tuckbuilding.com\/fr-ca\/product\/blue-sheathing-tape\/#breadcrumb"},"inLanguage":"fr-CA","potentialAction":[{"@type":"ReadAction","target":["https:\/\/www.tuckbuilding.com\/fr-ca\/product\/blue-sheathing-tape\/"]}]},{"@type":"ImageObject","inLanguage":"fr-CA","@id":"https:\/\/www.tuckbuilding.com\/fr-ca\/product\/blue-sheathing-tape\/#primaryimage","url":"https:\/\/www.tuckbuilding.com\/wp-content\/uploads\/sites\/6\/images\/21908-Blue-SheathingTape_High.jpg","contentUrl":"https:\/\/www.tuckbuilding.com\/wp-content\/uploads\/sites\/6\/images\/21908-Blue-SheathingTape_High.jpg","width":2060,"height":2060,"caption":"21908-Blue-SheathingTape"},{"@type":"BreadcrumbList","@id":"https:\/\/www.tuckbuilding.com\/fr-ca\/product\/blue-sheathing-tape\/#breadcrumb","itemListElement":[{"@type":"ListItem","position":1,"name":"Home","item":"https:\/\/www.tuckbuilding.com\/fr-ca\/"},{"@type":"ListItem","position":2,"name":"Products","item":"https:\/\/www.tuckbuilding.com\/shop\/"},{"@type":"ListItem","position":3,"name":"Ruban de Rev\u00eatement Bleu"}]},{"@type":"WebSite","@id":"https:\/\/www.tuckbuilding.com\/#website","url":"https:\/\/www.tuckbuilding.com\/","name":"Tuck Building","description":"","publisher":{"@id":"https:\/\/www.tuckbuilding.com\/#organization"},"potentialAction":[{"@type":"SearchAction","target":{"@type":"EntryPoint","urlTemplate":"https:\/\/www.tuckbuilding.com\/?s={search_term_string}"},"query-input":{"@type":"PropertyValueSpecification","valueRequired":true,"valueName":"search_term_string"}}],"inLanguage":"fr-CA"},{"@type":"Organization","@id":"https:\/\/www.tuckbuilding.com\/#organization","name":"Tuck Building","url":"https:\/\/www.tuckbuilding.com\/","logo":{"@type":"ImageObject","inLanguage":"fr-CA","@id":"https:\/\/www.tuckbuilding.com\/#\/schema\/logo\/image\/","url":"https:\/\/www.tuckbuilding.com\/wp-content\/uploads\/sites\/6\/logos\/cropped-Tuck-logo-60.png","contentUrl":"https:\/\/www.tuckbuilding.com\/wp-content\/uploads\/sites\/6\/logos\/cropped-Tuck-logo-60.png","width":65,"height":60,"caption":"Tuck Building"},"image":{"@id":"https:\/\/www.tuckbuilding.com\/#\/schema\/logo\/image\/"}}]}},"jetpack_sharing_enabled":true,"_links":{"self":[{"href":"https:\/\/www.tuckbuilding.com\/fr-ca\/wp-json\/wp\/v2\/product\/407","targetHints":{"allow":["GET"]}}],"collection":[{"href":"https:\/\/www.tuckbuilding.com\/fr-ca\/wp-json\/wp\/v2\/product"}],"about":[{"href":"https:\/\/www.tuckbuilding.com\/fr-ca\/wp-json\/wp\/v2\/types\/product"}],"wp:featuredmedia":[{"embeddable":true,"href":"https:\/\/www.tuckbuilding.com\/fr-ca\/wp-json\/wp\/v2\/media\/549"}],"wp:attachment":[{"href":"https:\/\/www.tuckbuilding.com\/fr-ca\/wp-json\/wp\/v2\/media?parent=407"}],"wp:term":[{"taxonomy":"product_brand","embeddable":true,"href":"https:\/\/www.tuckbuilding.com\/fr-ca\/wp-json\/wp\/v2\/product_brand?post=407"},{"taxonomy":"product_cat","embeddable":true,"href":"https:\/\/www.tuckbuilding.com\/fr-ca\/wp-json\/wp\/v2\/product_cat?post=407"},{"taxonomy":"product_tag","embeddable":true,"href":"https:\/\/www.tuckbuilding.com\/fr-ca\/wp-json\/wp\/v2\/product_tag?post=407"},{"taxonomy":"associated_application","embeddable":true,"href":"https:\/\/www.tuckbuilding.com\/fr-ca\/wp-json\/wp\/v2\/associated_application?post=407"}],"curies":[{"name":"wp","href":"https:\/\/api.w.org\/{rel}","templated":true}]}}