{"id":405,"date":"2023-05-19T17:36:02","date_gmt":"2023-05-19T17:36:02","guid":{"rendered":"https:\/\/www.tuckbuilding.com\/product\/evoseam\/"},"modified":"2023-09-29T20:16:25","modified_gmt":"2023-09-29T20:16:25","slug":"evoseam","status":"publish","type":"product","link":"https:\/\/www.tuckbuilding.com\/fr-ca\/product\/evoseam\/","title":{"rendered":"EvoSeam"},"content":{"rendered":"<div class=\"prose\">\n<ul>\n<li>Excellente adh\u00e9sion offrant un contact initial maximal<\/li>\n<li>Adh\u00e8re aux panneaux isolants et pare-airs de marques populaires<\/li>\n<li>Offre un pouvoir de maintien solide et durable<\/li>\n<li>Film flexible qui peut s\u2019adapter aux expansions\/contractions de mat\u00e9riaux<\/li>\n<li>Film procurant une \u00e9tanch\u00e9it\u00e9 autour des clous et attaches<\/li>\n<li>R\u00e9siste \u00e0 l\u2019eau et aux moisissures<\/li>\n<li>Pr\u00e9vient les infiltrations d\u2019air<\/li>\n<\/ul>\n<h3>Applications<\/h3>\n<ul>\n<li>Membrane pare-air, pare-vapeur pour jointer des panneaux isolants<\/li>\n<li>Utilisation recommand\u00e9e sur du polystyr\u00e8ne extrud\u00e9 et des surfaces mates en fibre de verre<\/li>\n<li>Peut aussi \u00eatre appliqu\u00e9 sur le bois, l\u2019aluminium et le vinyle<\/li>\n<li>Toutes les surfaces ci-haut mentionn\u00e9es doivent \u00eatre propres et s\u00e8ches pour assurer un bon contact<\/li>\n<\/ul>\n<\/div>\n","protected":false},"excerpt":{"rendered":"<p>Le jointement de panneaux isolants n\u00e9cessite un ruban con\u00e7u avec un adh\u00e9sif puissant qui est assez flexible pour r\u00e9sister aux expansions et contractions du mat\u00e9riel d\u2019isolation caus\u00e9s par les variations de temp\u00e9rature. Le ruban sup\u00e9rieur Tuck Tape\u00ae EvoSeam\u2122 est le meilleur choix pour sceller les joints de panneaux isolants ext\u00e9rieurs. Ce ruban est fabriqu\u00e9 d\u2019un film de poly\u00e9thyl\u00e8ne multicouche et encoll\u00e9 d\u2019un adh\u00e9sif \u00e0 base d\u2019acrylique \u00e0 prise permanente.<\/p>\n<p>SKU# 5040260<\/p>\n","protected":false},"featured_media":406,"template":"","meta":{"_acf_changed":false},"product_brand":[],"product_cat":[],"product_tag":[51],"associated_application":[],"class_list":{"0":"post-405","1":"product","2":"type-product","3":"status-publish","4":"has-post-thumbnail","6":"product_tag-seaming-tape-fr-ca","8":"first","9":"instock","10":"shipping-taxable","11":"product-type-simple"},"acf":[],"yoast_head":"<!-- This site is optimized with the Yoast SEO Premium plugin v24.1 (Yoast SEO v27.3) - https:\/\/yoast.com\/product\/yoast-seo-premium-wordpress\/ -->\n<title>EvoSeam - Tuck Building<\/title>\n<meta name=\"robots\" content=\"index, follow, max-snippet:-1, max-image-preview:large, max-video-preview:-1\" \/>\n<link rel=\"canonical\" href=\"https:\/\/www.tuckbuilding.com\/fr-ca\/product\/evoseam\/\" \/>\n<meta property=\"og:locale\" content=\"fr_CA\" \/>\n<meta property=\"og:type\" content=\"article\" \/>\n<meta property=\"og:title\" content=\"EvoSeam\" \/>\n<meta property=\"og:description\" content=\"Le jointement de panneaux isolants n\u00e9cessite un ruban con\u00e7u avec un adh\u00e9sif puissant qui est assez flexible pour r\u00e9sister aux expansions et contractions du mat\u00e9riel d\u2019isolation caus\u00e9s par les variations de temp\u00e9rature. Le ruban sup\u00e9rieur Tuck Tape\u00ae EvoSeam\u2122 est le meilleur choix pour sceller les joints de panneaux isolants ext\u00e9rieurs. Ce ruban est fabriqu\u00e9 d\u2019un film de poly\u00e9thyl\u00e8ne multicouche et encoll\u00e9 d\u2019un adh\u00e9sif \u00e0 base d\u2019acrylique \u00e0 prise permanente.  SKU# 5040260\" \/>\n<meta property=\"og:url\" content=\"https:\/\/www.tuckbuilding.com\/fr-ca\/product\/evoseam\/\" \/>\n<meta property=\"og:site_name\" content=\"Tuck Building\" \/>\n<meta property=\"article:modified_time\" content=\"2023-09-29T20:16:25+00:00\" \/>\n<meta name=\"twitter:card\" content=\"summary_large_image\" \/>\n<meta name=\"twitter:image\" content=\"https:\/\/www.tuckbuilding.com\/wp-content\/uploads\/sites\/6\/images\/5040260-EvoSeam_High.jpg\" \/>\n<meta name=\"twitter:label1\" content=\"Est. reading time\" \/>\n\t<meta name=\"twitter:data1\" content=\"1 minute\" \/>\n<script type=\"application\/ld+json\" class=\"yoast-schema-graph\">{\"@context\":\"https:\\\/\\\/schema.org\",\"@graph\":[{\"@type\":\"WebPage\",\"@id\":\"https:\\\/\\\/www.tuckbuilding.com\\\/fr-ca\\\/product\\\/evoseam\\\/\",\"url\":\"https:\\\/\\\/www.tuckbuilding.com\\\/fr-ca\\\/product\\\/evoseam\\\/\",\"name\":\"EvoSeam - Tuck Building\",\"isPartOf\":{\"@id\":\"https:\\\/\\\/www.tuckbuilding.com\\\/#website\"},\"primaryImageOfPage\":{\"@id\":\"https:\\\/\\\/www.tuckbuilding.com\\\/fr-ca\\\/product\\\/evoseam\\\/#primaryimage\"},\"image\":{\"@id\":\"https:\\\/\\\/www.tuckbuilding.com\\\/fr-ca\\\/product\\\/evoseam\\\/#primaryimage\"},\"thumbnailUrl\":\"https:\\\/\\\/www.tuckbuilding.com\\\/wp-content\\\/uploads\\\/sites\\\/6\\\/images\\\/5040260-EvoSeam_High.jpg\",\"datePublished\":\"2023-05-19T17:36:02+00:00\",\"dateModified\":\"2023-09-29T20:16:25+00:00\",\"breadcrumb\":{\"@id\":\"https:\\\/\\\/www.tuckbuilding.com\\\/fr-ca\\\/product\\\/evoseam\\\/#breadcrumb\"},\"inLanguage\":\"fr-CA\",\"potentialAction\":[{\"@type\":\"ReadAction\",\"target\":[\"https:\\\/\\\/www.tuckbuilding.com\\\/fr-ca\\\/product\\\/evoseam\\\/\"]}]},{\"@type\":\"ImageObject\",\"inLanguage\":\"fr-CA\",\"@id\":\"https:\\\/\\\/www.tuckbuilding.com\\\/fr-ca\\\/product\\\/evoseam\\\/#primaryimage\",\"url\":\"https:\\\/\\\/www.tuckbuilding.com\\\/wp-content\\\/uploads\\\/sites\\\/6\\\/images\\\/5040260-EvoSeam_High.jpg\",\"contentUrl\":\"https:\\\/\\\/www.tuckbuilding.com\\\/wp-content\\\/uploads\\\/sites\\\/6\\\/images\\\/5040260-EvoSeam_High.jpg\",\"width\":2400,\"height\":2400},{\"@type\":\"BreadcrumbList\",\"@id\":\"https:\\\/\\\/www.tuckbuilding.com\\\/fr-ca\\\/product\\\/evoseam\\\/#breadcrumb\",\"itemListElement\":[{\"@type\":\"ListItem\",\"position\":1,\"name\":\"Home\",\"item\":\"https:\\\/\\\/www.tuckbuilding.com\\\/fr-ca\\\/\"},{\"@type\":\"ListItem\",\"position\":2,\"name\":\"Products\",\"item\":\"https:\\\/\\\/www.tuckbuilding.com\\\/shop\\\/\"},{\"@type\":\"ListItem\",\"position\":3,\"name\":\"EvoSeam\"}]},{\"@type\":\"WebSite\",\"@id\":\"https:\\\/\\\/www.tuckbuilding.com\\\/#website\",\"url\":\"https:\\\/\\\/www.tuckbuilding.com\\\/\",\"name\":\"Tuck Building\",\"description\":\"\",\"publisher\":{\"@id\":\"https:\\\/\\\/www.tuckbuilding.com\\\/#organization\"},\"potentialAction\":[{\"@type\":\"SearchAction\",\"target\":{\"@type\":\"EntryPoint\",\"urlTemplate\":\"https:\\\/\\\/www.tuckbuilding.com\\\/?s={search_term_string}\"},\"query-input\":{\"@type\":\"PropertyValueSpecification\",\"valueRequired\":true,\"valueName\":\"search_term_string\"}}],\"inLanguage\":\"fr-CA\"},{\"@type\":\"Organization\",\"@id\":\"https:\\\/\\\/www.tuckbuilding.com\\\/#organization\",\"name\":\"Tuck Building\",\"url\":\"https:\\\/\\\/www.tuckbuilding.com\\\/\",\"logo\":{\"@type\":\"ImageObject\",\"inLanguage\":\"fr-CA\",\"@id\":\"https:\\\/\\\/www.tuckbuilding.com\\\/#\\\/schema\\\/logo\\\/image\\\/\",\"url\":\"https:\\\/\\\/www.tuckbuilding.com\\\/wp-content\\\/uploads\\\/sites\\\/6\\\/logos\\\/cropped-Tuck-logo-60.png\",\"contentUrl\":\"https:\\\/\\\/www.tuckbuilding.com\\\/wp-content\\\/uploads\\\/sites\\\/6\\\/logos\\\/cropped-Tuck-logo-60.png\",\"width\":65,\"height\":60,\"caption\":\"Tuck Building\"},\"image\":{\"@id\":\"https:\\\/\\\/www.tuckbuilding.com\\\/#\\\/schema\\\/logo\\\/image\\\/\"}}]}<\/script>\n<!-- \/ Yoast SEO Premium plugin. -->","yoast_head_json":{"title":"EvoSeam - Tuck Building","robots":{"index":"index","follow":"follow","max-snippet":"max-snippet:-1","max-image-preview":"max-image-preview:large","max-video-preview":"max-video-preview:-1"},"canonical":"https:\/\/www.tuckbuilding.com\/fr-ca\/product\/evoseam\/","og_locale":"fr_CA","og_type":"article","og_title":"EvoSeam","og_description":"Le jointement de panneaux isolants n\u00e9cessite un ruban con\u00e7u avec un adh\u00e9sif puissant qui est assez flexible pour r\u00e9sister aux expansions et contractions du mat\u00e9riel d\u2019isolation caus\u00e9s par les variations de temp\u00e9rature. Le ruban sup\u00e9rieur Tuck Tape\u00ae EvoSeam\u2122 est le meilleur choix pour sceller les joints de panneaux isolants ext\u00e9rieurs. Ce ruban est fabriqu\u00e9 d\u2019un film de poly\u00e9thyl\u00e8ne multicouche et encoll\u00e9 d\u2019un adh\u00e9sif \u00e0 base d\u2019acrylique \u00e0 prise permanente.  SKU# 5040260","og_url":"https:\/\/www.tuckbuilding.com\/fr-ca\/product\/evoseam\/","og_site_name":"Tuck Building","article_modified_time":"2023-09-29T20:16:25+00:00","twitter_card":"summary_large_image","twitter_image":"https:\/\/www.tuckbuilding.com\/wp-content\/uploads\/sites\/6\/images\/5040260-EvoSeam_High.jpg","twitter_misc":{"Est. reading time":"1 minute"},"schema":{"@context":"https:\/\/schema.org","@graph":[{"@type":"WebPage","@id":"https:\/\/www.tuckbuilding.com\/fr-ca\/product\/evoseam\/","url":"https:\/\/www.tuckbuilding.com\/fr-ca\/product\/evoseam\/","name":"EvoSeam - Tuck Building","isPartOf":{"@id":"https:\/\/www.tuckbuilding.com\/#website"},"primaryImageOfPage":{"@id":"https:\/\/www.tuckbuilding.com\/fr-ca\/product\/evoseam\/#primaryimage"},"image":{"@id":"https:\/\/www.tuckbuilding.com\/fr-ca\/product\/evoseam\/#primaryimage"},"thumbnailUrl":"https:\/\/www.tuckbuilding.com\/wp-content\/uploads\/sites\/6\/images\/5040260-EvoSeam_High.jpg","datePublished":"2023-05-19T17:36:02+00:00","dateModified":"2023-09-29T20:16:25+00:00","breadcrumb":{"@id":"https:\/\/www.tuckbuilding.com\/fr-ca\/product\/evoseam\/#breadcrumb"},"inLanguage":"fr-CA","potentialAction":[{"@type":"ReadAction","target":["https:\/\/www.tuckbuilding.com\/fr-ca\/product\/evoseam\/"]}]},{"@type":"ImageObject","inLanguage":"fr-CA","@id":"https:\/\/www.tuckbuilding.com\/fr-ca\/product\/evoseam\/#primaryimage","url":"https:\/\/www.tuckbuilding.com\/wp-content\/uploads\/sites\/6\/images\/5040260-EvoSeam_High.jpg","contentUrl":"https:\/\/www.tuckbuilding.com\/wp-content\/uploads\/sites\/6\/images\/5040260-EvoSeam_High.jpg","width":2400,"height":2400},{"@type":"BreadcrumbList","@id":"https:\/\/www.tuckbuilding.com\/fr-ca\/product\/evoseam\/#breadcrumb","itemListElement":[{"@type":"ListItem","position":1,"name":"Home","item":"https:\/\/www.tuckbuilding.com\/fr-ca\/"},{"@type":"ListItem","position":2,"name":"Products","item":"https:\/\/www.tuckbuilding.com\/shop\/"},{"@type":"ListItem","position":3,"name":"EvoSeam"}]},{"@type":"WebSite","@id":"https:\/\/www.tuckbuilding.com\/#website","url":"https:\/\/www.tuckbuilding.com\/","name":"Tuck Building","description":"","publisher":{"@id":"https:\/\/www.tuckbuilding.com\/#organization"},"potentialAction":[{"@type":"SearchAction","target":{"@type":"EntryPoint","urlTemplate":"https:\/\/www.tuckbuilding.com\/?s={search_term_string}"},"query-input":{"@type":"PropertyValueSpecification","valueRequired":true,"valueName":"search_term_string"}}],"inLanguage":"fr-CA"},{"@type":"Organization","@id":"https:\/\/www.tuckbuilding.com\/#organization","name":"Tuck Building","url":"https:\/\/www.tuckbuilding.com\/","logo":{"@type":"ImageObject","inLanguage":"fr-CA","@id":"https:\/\/www.tuckbuilding.com\/#\/schema\/logo\/image\/","url":"https:\/\/www.tuckbuilding.com\/wp-content\/uploads\/sites\/6\/logos\/cropped-Tuck-logo-60.png","contentUrl":"https:\/\/www.tuckbuilding.com\/wp-content\/uploads\/sites\/6\/logos\/cropped-Tuck-logo-60.png","width":65,"height":60,"caption":"Tuck Building"},"image":{"@id":"https:\/\/www.tuckbuilding.com\/#\/schema\/logo\/image\/"}}]}},"jetpack_sharing_enabled":true,"_links":{"self":[{"href":"https:\/\/www.tuckbuilding.com\/fr-ca\/wp-json\/wp\/v2\/product\/405","targetHints":{"allow":["GET"]}}],"collection":[{"href":"https:\/\/www.tuckbuilding.com\/fr-ca\/wp-json\/wp\/v2\/product"}],"about":[{"href":"https:\/\/www.tuckbuilding.com\/fr-ca\/wp-json\/wp\/v2\/types\/product"}],"wp:featuredmedia":[{"embeddable":true,"href":"https:\/\/www.tuckbuilding.com\/fr-ca\/wp-json\/wp\/v2\/media\/406"}],"wp:attachment":[{"href":"https:\/\/www.tuckbuilding.com\/fr-ca\/wp-json\/wp\/v2\/media?parent=405"}],"wp:term":[{"taxonomy":"product_brand","embeddable":true,"href":"https:\/\/www.tuckbuilding.com\/fr-ca\/wp-json\/wp\/v2\/product_brand?post=405"},{"taxonomy":"product_cat","embeddable":true,"href":"https:\/\/www.tuckbuilding.com\/fr-ca\/wp-json\/wp\/v2\/product_cat?post=405"},{"taxonomy":"product_tag","embeddable":true,"href":"https:\/\/www.tuckbuilding.com\/fr-ca\/wp-json\/wp\/v2\/product_tag?post=405"},{"taxonomy":"associated_application","embeddable":true,"href":"https:\/\/www.tuckbuilding.com\/fr-ca\/wp-json\/wp\/v2\/associated_application?post=405"}],"curies":[{"name":"wp","href":"https:\/\/api.w.org\/{rel}","templated":true}]}}