{"id":398,"date":"2023-05-19T17:36:43","date_gmt":"2023-05-19T17:36:43","guid":{"rendered":"https:\/\/www.tuckbuilding.com\/product\/novaseal-elite\/"},"modified":"2023-09-29T20:16:00","modified_gmt":"2023-09-29T20:16:00","slug":"novaseal-elite","status":"publish","type":"product","link":"https:\/\/www.tuckbuilding.com\/fr-ca\/product\/novaseal-elite\/","title":{"rendered":"NovaSeal ELITE"},"content":{"rendered":"<div class=\"prose\">\n<ul>\n<li>R\u00e9sistance sup\u00e9rieure au soul\u00e8vement par le vent<\/li>\n<li>Se d\u00e9ploie \u00e0 plat sans pliures, fissures ou infiltrations<\/li>\n<li>Couche de finition non tiss\u00e9e conf\u00e9rant des propri\u00e9t\u00e9s antid\u00e9rapantes exceptionnelles<\/li>\n<li>Mat\u00e9riau solide et maniable qui est efficace m\u00eame \u00e0 des temp\u00e9ratures extr\u00eames<\/li>\n<li>Aucun outil sp\u00e9cial requis<\/li>\n<li>Marqueur horizontal pour le chevauchement<\/li>\n<li>Chaque rouleau couvre davantage qu\u2019un rouleau de feutre asphalt\u00e9 de toiture classique<\/li>\n<li>R\u00e9sistance \u00e0 l\u2019exposition aux UV pour une dur\u00e9e allant jusqu\u2019\u00e0 180 jours<\/li>\n<li>R\u00e9sistance exceptionnelle \u00e0 la perforation et \u00e0 la d\u00e9chirure<\/li>\n<\/ul>\n<h3>Applications<\/h3>\n<ul>\n<li>\u00c0 utiliser sous le m\u00e9tal, les bardeaux d\u2019asphalte, les bardeaux synth\u00e9tiques, les bardeaux de c\u00e8dre appr\u00eat\u00e9s et la plupart des tuiles de toit.<\/li>\n<\/ul>\n<\/div>\n","protected":false},"excerpt":{"rendered":"<p>NovaSeal\u00ae ELITE est fabriqu\u00e9e \u00e0 partir d\u2019une structure compl\u00e8tement \u00e9tanche en polypropyl\u00e8ne tiss\u00e9 et d\u2019une couche de finition non tiss\u00e9e. La sous-couche synth\u00e9tique ELITE forme une barri\u00e8re dans votre syst\u00e8me de toiture \u00e0 forte pente qui contribue \u00e0 prot\u00e9ger les toits des constructions r\u00e9sidentielles ou commerciales dans les conditions m\u00e9t\u00e9orologiques les plus s\u00e9v\u00e8res. La sous-couche synth\u00e9tique ELITE offre des performances exceptionnelles en mati\u00e8re de r\u00e9sistance \u00e0 long terme aux intemp\u00e9ries par rapport aux produits classiques \u00e0 base de feutre asphalt\u00e9. \u00c0 utiliser sous le m\u00e9tal, les bardeaux d\u2019asphalte, les bardeaux synth\u00e9tiques, les bardeaux de c\u00e8dre appr\u00eat\u00e9s et la plupart des tuiles de toit.<\/p>\n<p>SKU# YIPGNSELITE481<\/p>\n","protected":false},"featured_media":366,"comment_status":"open","ping_status":"closed","template":"","meta":{"_acf_changed":false},"product_brand":[],"product_cat":[49],"product_tag":[50],"associated_application":[],"class_list":{"0":"post-398","1":"product","2":"type-product","3":"status-publish","4":"has-post-thumbnail","6":"product_cat-roof-underlayment-fr-ca","7":"product_tag-roof-underlayment-fr-ca","9":"first","10":"instock","11":"shipping-taxable","12":"product-type-simple"},"acf":[],"yoast_head":"<!-- This site is optimized with the Yoast SEO Premium plugin v24.1 (Yoast SEO v27.0) - https:\/\/yoast.com\/product\/yoast-seo-premium-wordpress\/ -->\n<title>NovaSeal ELITE - Tuck Building<\/title>\n<meta name=\"robots\" content=\"index, follow, max-snippet:-1, max-image-preview:large, max-video-preview:-1\" \/>\n<link rel=\"canonical\" href=\"https:\/\/www.tuckbuilding.com\/fr-ca\/product\/novaseal-elite\/\" \/>\n<meta property=\"og:locale\" content=\"fr_CA\" \/>\n<meta property=\"og:type\" content=\"article\" \/>\n<meta property=\"og:title\" content=\"NovaSeal ELITE\" \/>\n<meta property=\"og:description\" content=\"NovaSeal\u00ae ELITE est fabriqu\u00e9e \u00e0 partir d\u2019une structure compl\u00e8tement \u00e9tanche en polypropyl\u00e8ne tiss\u00e9 et d\u2019une couche de finition non tiss\u00e9e. La sous-couche synth\u00e9tique ELITE forme une barri\u00e8re dans votre syst\u00e8me de toiture \u00e0 forte pente qui contribue \u00e0 prot\u00e9ger les toits des constructions r\u00e9sidentielles ou commerciales dans les conditions m\u00e9t\u00e9orologiques les plus s\u00e9v\u00e8res. La sous-couche synth\u00e9tique ELITE offre des performances exceptionnelles en mati\u00e8re de r\u00e9sistance \u00e0 long terme aux intemp\u00e9ries par rapport aux produits classiques \u00e0 base de feutre asphalt\u00e9. \u00c0 utiliser sous le m\u00e9tal, les bardeaux d\u2019asphalte, les bardeaux synth\u00e9tiques, les bardeaux de c\u00e8dre appr\u00eat\u00e9s et la plupart des tuiles de toit.  SKU# YIPGNSELITE481\" \/>\n<meta property=\"og:url\" content=\"https:\/\/www.tuckbuilding.com\/fr-ca\/product\/novaseal-elite\/\" \/>\n<meta property=\"og:site_name\" content=\"Tuck Building\" \/>\n<meta property=\"article:modified_time\" content=\"2023-09-29T20:16:00+00:00\" \/>\n<meta name=\"twitter:card\" content=\"summary_large_image\" \/>\n<meta name=\"twitter:image\" content=\"https:\/\/www.tuckbuilding.com\/wp-content\/uploads\/sites\/6\/2023\/06\/NovaSealElite_ProductGrid.png\" \/>\n<meta name=\"twitter:label1\" content=\"Est. reading time\" \/>\n\t<meta name=\"twitter:data1\" content=\"1 minute\" \/>\n<script type=\"application\/ld+json\" class=\"yoast-schema-graph\">{\"@context\":\"https:\/\/schema.org\",\"@graph\":[{\"@type\":\"WebPage\",\"@id\":\"https:\/\/www.tuckbuilding.com\/fr-ca\/product\/novaseal-elite\/\",\"url\":\"https:\/\/www.tuckbuilding.com\/fr-ca\/product\/novaseal-elite\/\",\"name\":\"NovaSeal ELITE - Tuck Building\",\"isPartOf\":{\"@id\":\"https:\/\/www.tuckbuilding.com\/#website\"},\"primaryImageOfPage\":{\"@id\":\"https:\/\/www.tuckbuilding.com\/fr-ca\/product\/novaseal-elite\/#primaryimage\"},\"image\":{\"@id\":\"https:\/\/www.tuckbuilding.com\/fr-ca\/product\/novaseal-elite\/#primaryimage\"},\"thumbnailUrl\":\"https:\/\/www.tuckbuilding.com\/wp-content\/uploads\/sites\/6\/2023\/06\/NovaSealElite_ProductGrid.png\",\"datePublished\":\"2023-05-19T17:36:43+00:00\",\"dateModified\":\"2023-09-29T20:16:00+00:00\",\"breadcrumb\":{\"@id\":\"https:\/\/www.tuckbuilding.com\/fr-ca\/product\/novaseal-elite\/#breadcrumb\"},\"inLanguage\":\"fr-CA\",\"potentialAction\":[{\"@type\":\"ReadAction\",\"target\":[\"https:\/\/www.tuckbuilding.com\/fr-ca\/product\/novaseal-elite\/\"]}]},{\"@type\":\"ImageObject\",\"inLanguage\":\"fr-CA\",\"@id\":\"https:\/\/www.tuckbuilding.com\/fr-ca\/product\/novaseal-elite\/#primaryimage\",\"url\":\"https:\/\/www.tuckbuilding.com\/wp-content\/uploads\/sites\/6\/2023\/06\/NovaSealElite_ProductGrid.png\",\"contentUrl\":\"https:\/\/www.tuckbuilding.com\/wp-content\/uploads\/sites\/6\/2023\/06\/NovaSealElite_ProductGrid.png\",\"width\":2400,\"height\":2400,\"caption\":\"NovaSeal Elite\"},{\"@type\":\"BreadcrumbList\",\"@id\":\"https:\/\/www.tuckbuilding.com\/fr-ca\/product\/novaseal-elite\/#breadcrumb\",\"itemListElement\":[{\"@type\":\"ListItem\",\"position\":1,\"name\":\"Home\",\"item\":\"https:\/\/www.tuckbuilding.com\/fr-ca\/\"},{\"@type\":\"ListItem\",\"position\":2,\"name\":\"Products\",\"item\":\"https:\/\/www.tuckbuilding.com\/shop\/\"},{\"@type\":\"ListItem\",\"position\":3,\"name\":\"NovaSeal ELITE\"}]},{\"@type\":\"WebSite\",\"@id\":\"https:\/\/www.tuckbuilding.com\/#website\",\"url\":\"https:\/\/www.tuckbuilding.com\/\",\"name\":\"Tuck Building\",\"description\":\"\",\"publisher\":{\"@id\":\"https:\/\/www.tuckbuilding.com\/#organization\"},\"potentialAction\":[{\"@type\":\"SearchAction\",\"target\":{\"@type\":\"EntryPoint\",\"urlTemplate\":\"https:\/\/www.tuckbuilding.com\/?s={search_term_string}\"},\"query-input\":{\"@type\":\"PropertyValueSpecification\",\"valueRequired\":true,\"valueName\":\"search_term_string\"}}],\"inLanguage\":\"fr-CA\"},{\"@type\":\"Organization\",\"@id\":\"https:\/\/www.tuckbuilding.com\/#organization\",\"name\":\"Tuck Building\",\"url\":\"https:\/\/www.tuckbuilding.com\/\",\"logo\":{\"@type\":\"ImageObject\",\"inLanguage\":\"fr-CA\",\"@id\":\"https:\/\/www.tuckbuilding.com\/#\/schema\/logo\/image\/\",\"url\":\"https:\/\/www.tuckbuilding.com\/wp-content\/uploads\/sites\/6\/logos\/cropped-Tuck-logo-60.png\",\"contentUrl\":\"https:\/\/www.tuckbuilding.com\/wp-content\/uploads\/sites\/6\/logos\/cropped-Tuck-logo-60.png\",\"width\":65,\"height\":60,\"caption\":\"Tuck Building\"},\"image\":{\"@id\":\"https:\/\/www.tuckbuilding.com\/#\/schema\/logo\/image\/\"}}]}<\/script>\n<!-- \/ Yoast SEO Premium plugin. -->","yoast_head_json":{"title":"NovaSeal ELITE - Tuck Building","robots":{"index":"index","follow":"follow","max-snippet":"max-snippet:-1","max-image-preview":"max-image-preview:large","max-video-preview":"max-video-preview:-1"},"canonical":"https:\/\/www.tuckbuilding.com\/fr-ca\/product\/novaseal-elite\/","og_locale":"fr_CA","og_type":"article","og_title":"NovaSeal ELITE","og_description":"NovaSeal\u00ae ELITE est fabriqu\u00e9e \u00e0 partir d\u2019une structure compl\u00e8tement \u00e9tanche en polypropyl\u00e8ne tiss\u00e9 et d\u2019une couche de finition non tiss\u00e9e. La sous-couche synth\u00e9tique ELITE forme une barri\u00e8re dans votre syst\u00e8me de toiture \u00e0 forte pente qui contribue \u00e0 prot\u00e9ger les toits des constructions r\u00e9sidentielles ou commerciales dans les conditions m\u00e9t\u00e9orologiques les plus s\u00e9v\u00e8res. La sous-couche synth\u00e9tique ELITE offre des performances exceptionnelles en mati\u00e8re de r\u00e9sistance \u00e0 long terme aux intemp\u00e9ries par rapport aux produits classiques \u00e0 base de feutre asphalt\u00e9. \u00c0 utiliser sous le m\u00e9tal, les bardeaux d\u2019asphalte, les bardeaux synth\u00e9tiques, les bardeaux de c\u00e8dre appr\u00eat\u00e9s et la plupart des tuiles de toit.  SKU# YIPGNSELITE481","og_url":"https:\/\/www.tuckbuilding.com\/fr-ca\/product\/novaseal-elite\/","og_site_name":"Tuck Building","article_modified_time":"2023-09-29T20:16:00+00:00","twitter_card":"summary_large_image","twitter_image":"https:\/\/www.tuckbuilding.com\/wp-content\/uploads\/sites\/6\/2023\/06\/NovaSealElite_ProductGrid.png","twitter_misc":{"Est. reading time":"1 minute"},"schema":{"@context":"https:\/\/schema.org","@graph":[{"@type":"WebPage","@id":"https:\/\/www.tuckbuilding.com\/fr-ca\/product\/novaseal-elite\/","url":"https:\/\/www.tuckbuilding.com\/fr-ca\/product\/novaseal-elite\/","name":"NovaSeal ELITE - Tuck Building","isPartOf":{"@id":"https:\/\/www.tuckbuilding.com\/#website"},"primaryImageOfPage":{"@id":"https:\/\/www.tuckbuilding.com\/fr-ca\/product\/novaseal-elite\/#primaryimage"},"image":{"@id":"https:\/\/www.tuckbuilding.com\/fr-ca\/product\/novaseal-elite\/#primaryimage"},"thumbnailUrl":"https:\/\/www.tuckbuilding.com\/wp-content\/uploads\/sites\/6\/2023\/06\/NovaSealElite_ProductGrid.png","datePublished":"2023-05-19T17:36:43+00:00","dateModified":"2023-09-29T20:16:00+00:00","breadcrumb":{"@id":"https:\/\/www.tuckbuilding.com\/fr-ca\/product\/novaseal-elite\/#breadcrumb"},"inLanguage":"fr-CA","potentialAction":[{"@type":"ReadAction","target":["https:\/\/www.tuckbuilding.com\/fr-ca\/product\/novaseal-elite\/"]}]},{"@type":"ImageObject","inLanguage":"fr-CA","@id":"https:\/\/www.tuckbuilding.com\/fr-ca\/product\/novaseal-elite\/#primaryimage","url":"https:\/\/www.tuckbuilding.com\/wp-content\/uploads\/sites\/6\/2023\/06\/NovaSealElite_ProductGrid.png","contentUrl":"https:\/\/www.tuckbuilding.com\/wp-content\/uploads\/sites\/6\/2023\/06\/NovaSealElite_ProductGrid.png","width":2400,"height":2400,"caption":"NovaSeal Elite"},{"@type":"BreadcrumbList","@id":"https:\/\/www.tuckbuilding.com\/fr-ca\/product\/novaseal-elite\/#breadcrumb","itemListElement":[{"@type":"ListItem","position":1,"name":"Home","item":"https:\/\/www.tuckbuilding.com\/fr-ca\/"},{"@type":"ListItem","position":2,"name":"Products","item":"https:\/\/www.tuckbuilding.com\/shop\/"},{"@type":"ListItem","position":3,"name":"NovaSeal ELITE"}]},{"@type":"WebSite","@id":"https:\/\/www.tuckbuilding.com\/#website","url":"https:\/\/www.tuckbuilding.com\/","name":"Tuck Building","description":"","publisher":{"@id":"https:\/\/www.tuckbuilding.com\/#organization"},"potentialAction":[{"@type":"SearchAction","target":{"@type":"EntryPoint","urlTemplate":"https:\/\/www.tuckbuilding.com\/?s={search_term_string}"},"query-input":{"@type":"PropertyValueSpecification","valueRequired":true,"valueName":"search_term_string"}}],"inLanguage":"fr-CA"},{"@type":"Organization","@id":"https:\/\/www.tuckbuilding.com\/#organization","name":"Tuck Building","url":"https:\/\/www.tuckbuilding.com\/","logo":{"@type":"ImageObject","inLanguage":"fr-CA","@id":"https:\/\/www.tuckbuilding.com\/#\/schema\/logo\/image\/","url":"https:\/\/www.tuckbuilding.com\/wp-content\/uploads\/sites\/6\/logos\/cropped-Tuck-logo-60.png","contentUrl":"https:\/\/www.tuckbuilding.com\/wp-content\/uploads\/sites\/6\/logos\/cropped-Tuck-logo-60.png","width":65,"height":60,"caption":"Tuck Building"},"image":{"@id":"https:\/\/www.tuckbuilding.com\/#\/schema\/logo\/image\/"}}]}},"jetpack_sharing_enabled":true,"_links":{"self":[{"href":"https:\/\/www.tuckbuilding.com\/fr-ca\/wp-json\/wp\/v2\/product\/398","targetHints":{"allow":["GET"]}}],"collection":[{"href":"https:\/\/www.tuckbuilding.com\/fr-ca\/wp-json\/wp\/v2\/product"}],"about":[{"href":"https:\/\/www.tuckbuilding.com\/fr-ca\/wp-json\/wp\/v2\/types\/product"}],"replies":[{"embeddable":true,"href":"https:\/\/www.tuckbuilding.com\/fr-ca\/wp-json\/wp\/v2\/comments?post=398"}],"wp:featuredmedia":[{"embeddable":true,"href":"https:\/\/www.tuckbuilding.com\/fr-ca\/wp-json\/wp\/v2\/media\/366"}],"wp:attachment":[{"href":"https:\/\/www.tuckbuilding.com\/fr-ca\/wp-json\/wp\/v2\/media?parent=398"}],"wp:term":[{"taxonomy":"product_brand","embeddable":true,"href":"https:\/\/www.tuckbuilding.com\/fr-ca\/wp-json\/wp\/v2\/product_brand?post=398"},{"taxonomy":"product_cat","embeddable":true,"href":"https:\/\/www.tuckbuilding.com\/fr-ca\/wp-json\/wp\/v2\/product_cat?post=398"},{"taxonomy":"product_tag","embeddable":true,"href":"https:\/\/www.tuckbuilding.com\/fr-ca\/wp-json\/wp\/v2\/product_tag?post=398"},{"taxonomy":"associated_application","embeddable":true,"href":"https:\/\/www.tuckbuilding.com\/fr-ca\/wp-json\/wp\/v2\/associated_application?post=398"}],"curies":[{"name":"wp","href":"https:\/\/api.w.org\/{rel}","templated":true}]}}