{"id":396,"date":"2023-05-19T17:37:34","date_gmt":"2023-05-19T17:37:34","guid":{"rendered":"https:\/\/www.tuckbuilding.com\/product\/novaseal-prime\/"},"modified":"2023-09-29T20:15:52","modified_gmt":"2023-09-29T20:15:52","slug":"novaseal-prime","status":"publish","type":"product","link":"https:\/\/www.tuckbuilding.com\/fr-ca\/product\/novaseal-prime\/","title":{"rendered":"NovaSeal PRIME"},"content":{"rendered":"<div class=\"prose\">\n<ul>\n<li>L\u00e9g\u00e8ret\u00e9 \u2013 significativement plus l\u00e9g\u00e8re \u00e0 exp\u00e9dier, \u00e9chafauder, installer que les produits comparables en feutre asphalt\u00e9<\/li>\n<li>Requiert moins d\u2019\u00e9l\u00e9ments de fixation et moins de r\u00e9parations que les produits en feutre asphalt\u00e9 classiques<\/li>\n<li>Couche de finition non tiss\u00e9e conf\u00e9rant des propri\u00e9t\u00e9s antid\u00e9rapantes exceptionnelles<\/li>\n<li>Aucun outil sp\u00e9cial requis<\/li>\n<li>Marqueur horizontal pour le chevauchement<\/li>\n<li>Chaque rouleau couvre davantage qu\u2019un rouleau de feutre asphalt\u00e9 de toiture classique<\/li>\n<li>R\u00e9sistance \u00e0 l\u2019exposition aux UV pour une dur\u00e9e allant jusqu\u2019\u00e0 90 jours<\/li>\n<li>R\u00e9sistance exceptionnelle \u00e0 la perforation et \u00e0 la d\u00e9chirure<\/li>\n<\/ul>\n<h3>Applications<\/h3>\n<ul>\n<li>\u00c0 utiliser sous les bardeaux d\u2019asphalte, le m\u00e9tal dans les applications r\u00e9sidentielles, les bardeaux synth\u00e9tiques et les bardeaux de c\u00e8dre appr\u00eat\u00e9s.<\/li>\n<\/ul>\n<\/div>\n","protected":false},"excerpt":{"rendered":"<p>NovaSeal\u00ae PRIME est fabriqu\u00e9 \u00e0 partir d\u2019une structure compl\u00e8tement \u00e9tanche en polypropyl\u00e8ne tiss\u00e9 et d\u2019une couche de finition non tiss\u00e9e. La sous-couche synth\u00e9tique PRIME forme une barri\u00e8re dans votre syst\u00e8me de toiture \u00e0 forte pente qui contribue \u00e0 prot\u00e9ger les toits des constructions r\u00e9sidentielles dans les conditions m\u00e9t\u00e9orologiques les plus s\u00e9v\u00e8res. La sous-couche synth\u00e9tique PRIME offre des performances exceptionnelles en mati\u00e8re de r\u00e9sistance \u00e0 long terme aux intemp\u00e9ries par rapport aux produits classiques \u00e0 base de feutre asphalt\u00e9. \u00c0 utiliser sous les bardeaux d\u2019asphalte, le m\u00e9tal dans les applications r\u00e9sidentielles, les bardeaux synth\u00e9tiques et les bardeaux de c\u00e8dre appr\u00eat\u00e9s.<\/p>\n<p>SKU# YIPGNSULTRA481<\/p>\n","protected":false},"featured_media":417,"template":"","meta":{"_acf_changed":false},"product_brand":[],"product_cat":[19],"product_tag":[29,29,56],"associated_application":[],"class_list":{"0":"post-396","1":"product","2":"type-product","3":"status-publish","4":"has-post-thumbnail","6":"product_cat-roof-underlayment","7":"product_tag-roof-underlayment","9":"product_tag-sous-couches-de-toiture","11":"first","12":"instock","13":"shipping-taxable","14":"product-type-simple"},"acf":[],"yoast_head":"<!-- This site is optimized with the Yoast SEO Premium plugin v24.1 (Yoast SEO v27.3) - https:\/\/yoast.com\/product\/yoast-seo-premium-wordpress\/ -->\n<title>NovaSeal PRIME - Tuck Building<\/title>\n<meta name=\"robots\" content=\"index, follow, max-snippet:-1, max-image-preview:large, max-video-preview:-1\" \/>\n<link rel=\"canonical\" href=\"https:\/\/www.tuckbuilding.com\/fr-ca\/product\/novaseal-prime\/\" \/>\n<meta property=\"og:locale\" content=\"fr_CA\" \/>\n<meta property=\"og:type\" content=\"article\" \/>\n<meta property=\"og:title\" content=\"NovaSeal PRIME\" \/>\n<meta property=\"og:description\" content=\"NovaSeal\u00ae PRIME est fabriqu\u00e9 \u00e0 partir d\u2019une structure compl\u00e8tement \u00e9tanche en polypropyl\u00e8ne tiss\u00e9 et d\u2019une couche de finition non tiss\u00e9e. La sous-couche synth\u00e9tique PRIME forme une barri\u00e8re dans votre syst\u00e8me de toiture \u00e0 forte pente qui contribue \u00e0 prot\u00e9ger les toits des constructions r\u00e9sidentielles dans les conditions m\u00e9t\u00e9orologiques les plus s\u00e9v\u00e8res. La sous-couche synth\u00e9tique PRIME offre des performances exceptionnelles en mati\u00e8re de r\u00e9sistance \u00e0 long terme aux intemp\u00e9ries par rapport aux produits classiques \u00e0 base de feutre asphalt\u00e9. \u00c0 utiliser sous les bardeaux d\u2019asphalte, le m\u00e9tal dans les applications r\u00e9sidentielles, les bardeaux synth\u00e9tiques et les bardeaux de c\u00e8dre appr\u00eat\u00e9s.  SKU# YIPGNSULTRA481\" \/>\n<meta property=\"og:url\" content=\"https:\/\/www.tuckbuilding.com\/fr-ca\/product\/novaseal-prime\/\" \/>\n<meta property=\"og:site_name\" content=\"Tuck Building\" \/>\n<meta property=\"article:modified_time\" content=\"2023-09-29T20:15:52+00:00\" \/>\n<meta property=\"og:image\" content=\"https:\/\/www.tuckbuilding.com\/wp-content\/uploads\/sites\/6\/2023\/05\/NovaSealPrime_High-1.jpg\" \/>\n\t<meta property=\"og:image:width\" content=\"2400\" \/>\n\t<meta property=\"og:image:height\" content=\"2400\" \/>\n\t<meta property=\"og:image:type\" content=\"image\/jpeg\" \/>\n<meta name=\"twitter:card\" content=\"summary_large_image\" \/>\n<meta name=\"twitter:label1\" content=\"Est. reading time\" \/>\n\t<meta name=\"twitter:data1\" content=\"1 minute\" \/>\n<script type=\"application\/ld+json\" class=\"yoast-schema-graph\">{\"@context\":\"https:\\\/\\\/schema.org\",\"@graph\":[{\"@type\":\"WebPage\",\"@id\":\"https:\\\/\\\/www.tuckbuilding.com\\\/fr-ca\\\/product\\\/novaseal-prime\\\/\",\"url\":\"https:\\\/\\\/www.tuckbuilding.com\\\/fr-ca\\\/product\\\/novaseal-prime\\\/\",\"name\":\"NovaSeal PRIME - Tuck Building\",\"isPartOf\":{\"@id\":\"https:\\\/\\\/www.tuckbuilding.com\\\/#website\"},\"primaryImageOfPage\":{\"@id\":\"https:\\\/\\\/www.tuckbuilding.com\\\/fr-ca\\\/product\\\/novaseal-prime\\\/#primaryimage\"},\"image\":{\"@id\":\"https:\\\/\\\/www.tuckbuilding.com\\\/fr-ca\\\/product\\\/novaseal-prime\\\/#primaryimage\"},\"thumbnailUrl\":\"https:\\\/\\\/www.tuckbuilding.com\\\/wp-content\\\/uploads\\\/sites\\\/6\\\/images\\\/NovaSealPrime_High-1.jpg\",\"datePublished\":\"2023-05-19T17:37:34+00:00\",\"dateModified\":\"2023-09-29T20:15:52+00:00\",\"breadcrumb\":{\"@id\":\"https:\\\/\\\/www.tuckbuilding.com\\\/fr-ca\\\/product\\\/novaseal-prime\\\/#breadcrumb\"},\"inLanguage\":\"fr-CA\",\"potentialAction\":[{\"@type\":\"ReadAction\",\"target\":[\"https:\\\/\\\/www.tuckbuilding.com\\\/fr-ca\\\/product\\\/novaseal-prime\\\/\"]}]},{\"@type\":\"ImageObject\",\"inLanguage\":\"fr-CA\",\"@id\":\"https:\\\/\\\/www.tuckbuilding.com\\\/fr-ca\\\/product\\\/novaseal-prime\\\/#primaryimage\",\"url\":\"https:\\\/\\\/www.tuckbuilding.com\\\/wp-content\\\/uploads\\\/sites\\\/6\\\/images\\\/NovaSealPrime_High-1.jpg\",\"contentUrl\":\"https:\\\/\\\/www.tuckbuilding.com\\\/wp-content\\\/uploads\\\/sites\\\/6\\\/images\\\/NovaSealPrime_High-1.jpg\",\"width\":2400,\"height\":2400,\"caption\":\"NovaSealPrime_High-1\"},{\"@type\":\"BreadcrumbList\",\"@id\":\"https:\\\/\\\/www.tuckbuilding.com\\\/fr-ca\\\/product\\\/novaseal-prime\\\/#breadcrumb\",\"itemListElement\":[{\"@type\":\"ListItem\",\"position\":1,\"name\":\"Home\",\"item\":\"https:\\\/\\\/www.tuckbuilding.com\\\/fr-ca\\\/\"},{\"@type\":\"ListItem\",\"position\":2,\"name\":\"Products\",\"item\":\"https:\\\/\\\/www.tuckbuilding.com\\\/shop\\\/\"},{\"@type\":\"ListItem\",\"position\":3,\"name\":\"NovaSeal PRIME\"}]},{\"@type\":\"WebSite\",\"@id\":\"https:\\\/\\\/www.tuckbuilding.com\\\/#website\",\"url\":\"https:\\\/\\\/www.tuckbuilding.com\\\/\",\"name\":\"Tuck Building\",\"description\":\"\",\"publisher\":{\"@id\":\"https:\\\/\\\/www.tuckbuilding.com\\\/#organization\"},\"potentialAction\":[{\"@type\":\"SearchAction\",\"target\":{\"@type\":\"EntryPoint\",\"urlTemplate\":\"https:\\\/\\\/www.tuckbuilding.com\\\/?s={search_term_string}\"},\"query-input\":{\"@type\":\"PropertyValueSpecification\",\"valueRequired\":true,\"valueName\":\"search_term_string\"}}],\"inLanguage\":\"fr-CA\"},{\"@type\":\"Organization\",\"@id\":\"https:\\\/\\\/www.tuckbuilding.com\\\/#organization\",\"name\":\"Tuck Building\",\"url\":\"https:\\\/\\\/www.tuckbuilding.com\\\/\",\"logo\":{\"@type\":\"ImageObject\",\"inLanguage\":\"fr-CA\",\"@id\":\"https:\\\/\\\/www.tuckbuilding.com\\\/#\\\/schema\\\/logo\\\/image\\\/\",\"url\":\"https:\\\/\\\/www.tuckbuilding.com\\\/wp-content\\\/uploads\\\/sites\\\/6\\\/logos\\\/cropped-Tuck-logo-60.png\",\"contentUrl\":\"https:\\\/\\\/www.tuckbuilding.com\\\/wp-content\\\/uploads\\\/sites\\\/6\\\/logos\\\/cropped-Tuck-logo-60.png\",\"width\":65,\"height\":60,\"caption\":\"Tuck Building\"},\"image\":{\"@id\":\"https:\\\/\\\/www.tuckbuilding.com\\\/#\\\/schema\\\/logo\\\/image\\\/\"}}]}<\/script>\n<!-- \/ Yoast SEO Premium plugin. -->","yoast_head_json":{"title":"NovaSeal PRIME - Tuck Building","robots":{"index":"index","follow":"follow","max-snippet":"max-snippet:-1","max-image-preview":"max-image-preview:large","max-video-preview":"max-video-preview:-1"},"canonical":"https:\/\/www.tuckbuilding.com\/fr-ca\/product\/novaseal-prime\/","og_locale":"fr_CA","og_type":"article","og_title":"NovaSeal PRIME","og_description":"NovaSeal\u00ae PRIME est fabriqu\u00e9 \u00e0 partir d\u2019une structure compl\u00e8tement \u00e9tanche en polypropyl\u00e8ne tiss\u00e9 et d\u2019une couche de finition non tiss\u00e9e. La sous-couche synth\u00e9tique PRIME forme une barri\u00e8re dans votre syst\u00e8me de toiture \u00e0 forte pente qui contribue \u00e0 prot\u00e9ger les toits des constructions r\u00e9sidentielles dans les conditions m\u00e9t\u00e9orologiques les plus s\u00e9v\u00e8res. La sous-couche synth\u00e9tique PRIME offre des performances exceptionnelles en mati\u00e8re de r\u00e9sistance \u00e0 long terme aux intemp\u00e9ries par rapport aux produits classiques \u00e0 base de feutre asphalt\u00e9. \u00c0 utiliser sous les bardeaux d\u2019asphalte, le m\u00e9tal dans les applications r\u00e9sidentielles, les bardeaux synth\u00e9tiques et les bardeaux de c\u00e8dre appr\u00eat\u00e9s.  SKU# YIPGNSULTRA481","og_url":"https:\/\/www.tuckbuilding.com\/fr-ca\/product\/novaseal-prime\/","og_site_name":"Tuck Building","article_modified_time":"2023-09-29T20:15:52+00:00","og_image":[{"width":2400,"height":2400,"url":"https:\/\/www.tuckbuilding.com\/wp-content\/uploads\/sites\/6\/2023\/05\/NovaSealPrime_High-1.jpg","type":"image\/jpeg"}],"twitter_card":"summary_large_image","twitter_misc":{"Est. reading time":"1 minute"},"schema":{"@context":"https:\/\/schema.org","@graph":[{"@type":"WebPage","@id":"https:\/\/www.tuckbuilding.com\/fr-ca\/product\/novaseal-prime\/","url":"https:\/\/www.tuckbuilding.com\/fr-ca\/product\/novaseal-prime\/","name":"NovaSeal PRIME - Tuck Building","isPartOf":{"@id":"https:\/\/www.tuckbuilding.com\/#website"},"primaryImageOfPage":{"@id":"https:\/\/www.tuckbuilding.com\/fr-ca\/product\/novaseal-prime\/#primaryimage"},"image":{"@id":"https:\/\/www.tuckbuilding.com\/fr-ca\/product\/novaseal-prime\/#primaryimage"},"thumbnailUrl":"https:\/\/www.tuckbuilding.com\/wp-content\/uploads\/sites\/6\/images\/NovaSealPrime_High-1.jpg","datePublished":"2023-05-19T17:37:34+00:00","dateModified":"2023-09-29T20:15:52+00:00","breadcrumb":{"@id":"https:\/\/www.tuckbuilding.com\/fr-ca\/product\/novaseal-prime\/#breadcrumb"},"inLanguage":"fr-CA","potentialAction":[{"@type":"ReadAction","target":["https:\/\/www.tuckbuilding.com\/fr-ca\/product\/novaseal-prime\/"]}]},{"@type":"ImageObject","inLanguage":"fr-CA","@id":"https:\/\/www.tuckbuilding.com\/fr-ca\/product\/novaseal-prime\/#primaryimage","url":"https:\/\/www.tuckbuilding.com\/wp-content\/uploads\/sites\/6\/images\/NovaSealPrime_High-1.jpg","contentUrl":"https:\/\/www.tuckbuilding.com\/wp-content\/uploads\/sites\/6\/images\/NovaSealPrime_High-1.jpg","width":2400,"height":2400,"caption":"NovaSealPrime_High-1"},{"@type":"BreadcrumbList","@id":"https:\/\/www.tuckbuilding.com\/fr-ca\/product\/novaseal-prime\/#breadcrumb","itemListElement":[{"@type":"ListItem","position":1,"name":"Home","item":"https:\/\/www.tuckbuilding.com\/fr-ca\/"},{"@type":"ListItem","position":2,"name":"Products","item":"https:\/\/www.tuckbuilding.com\/shop\/"},{"@type":"ListItem","position":3,"name":"NovaSeal PRIME"}]},{"@type":"WebSite","@id":"https:\/\/www.tuckbuilding.com\/#website","url":"https:\/\/www.tuckbuilding.com\/","name":"Tuck Building","description":"","publisher":{"@id":"https:\/\/www.tuckbuilding.com\/#organization"},"potentialAction":[{"@type":"SearchAction","target":{"@type":"EntryPoint","urlTemplate":"https:\/\/www.tuckbuilding.com\/?s={search_term_string}"},"query-input":{"@type":"PropertyValueSpecification","valueRequired":true,"valueName":"search_term_string"}}],"inLanguage":"fr-CA"},{"@type":"Organization","@id":"https:\/\/www.tuckbuilding.com\/#organization","name":"Tuck Building","url":"https:\/\/www.tuckbuilding.com\/","logo":{"@type":"ImageObject","inLanguage":"fr-CA","@id":"https:\/\/www.tuckbuilding.com\/#\/schema\/logo\/image\/","url":"https:\/\/www.tuckbuilding.com\/wp-content\/uploads\/sites\/6\/logos\/cropped-Tuck-logo-60.png","contentUrl":"https:\/\/www.tuckbuilding.com\/wp-content\/uploads\/sites\/6\/logos\/cropped-Tuck-logo-60.png","width":65,"height":60,"caption":"Tuck Building"},"image":{"@id":"https:\/\/www.tuckbuilding.com\/#\/schema\/logo\/image\/"}}]}},"jetpack_sharing_enabled":true,"_links":{"self":[{"href":"https:\/\/www.tuckbuilding.com\/fr-ca\/wp-json\/wp\/v2\/product\/396","targetHints":{"allow":["GET"]}}],"collection":[{"href":"https:\/\/www.tuckbuilding.com\/fr-ca\/wp-json\/wp\/v2\/product"}],"about":[{"href":"https:\/\/www.tuckbuilding.com\/fr-ca\/wp-json\/wp\/v2\/types\/product"}],"wp:featuredmedia":[{"embeddable":true,"href":"https:\/\/www.tuckbuilding.com\/fr-ca\/wp-json\/wp\/v2\/media\/417"}],"wp:attachment":[{"href":"https:\/\/www.tuckbuilding.com\/fr-ca\/wp-json\/wp\/v2\/media?parent=396"}],"wp:term":[{"taxonomy":"product_brand","embeddable":true,"href":"https:\/\/www.tuckbuilding.com\/fr-ca\/wp-json\/wp\/v2\/product_brand?post=396"},{"taxonomy":"product_cat","embeddable":true,"href":"https:\/\/www.tuckbuilding.com\/fr-ca\/wp-json\/wp\/v2\/product_cat?post=396"},{"taxonomy":"product_tag","embeddable":true,"href":"https:\/\/www.tuckbuilding.com\/fr-ca\/wp-json\/wp\/v2\/product_tag?post=396"},{"taxonomy":"associated_application","embeddable":true,"href":"https:\/\/www.tuckbuilding.com\/fr-ca\/wp-json\/wp\/v2\/associated_application?post=396"}],"curies":[{"name":"wp","href":"https:\/\/api.w.org\/{rel}","templated":true}]}}