{"id":593,"date":"2023-07-20T16:10:53","date_gmt":"2023-07-20T16:10:53","guid":{"rendered":"https:\/\/www.tuckbuilding.com\/?page_id=593"},"modified":"2023-07-20T17:53:15","modified_gmt":"2023-07-20T17:53:15","slug":"about-us","status":"publish","type":"page","link":"https:\/\/www.tuckbuilding.com\/fr-ca\/about-us\/","title":{"rendered":"\u00c0 Propos"},"content":{"rendered":"\n<section class=\"itape-customizable-banner alignfull  \">\n\t<div class=\"itape-customizable-banner-wrapper \">\n\t\t<ul class=\"\">\n\n\t\t\t\t\t\t\t\t\t\t\t\t<div\n\t\t\t\t\t\tclass=\"customizable-banner-slide\"\n\t\t\t\t\t\tstyle=\"\n\t\t\t\t\t\t\t--itape-theme-color-1: #000000;\t\t\t\t\t\t\t--itape-theme-color-2: rgb(0,0,0);\t\t\t\t\t\t\tcolor: #ffffff\t\t\t\t\t\t\"\n\t\t\t\t\t>\n\t\t\t\t\t\t\n\t\t\t\t\t\t<div class=\"content\">\n\n\t\t\t\t\t\t\t<h3>\n\t\t\t\t\t\t\t\t\u00c0 Propos\t\t\t\t\t\t\t<\/h3>\n\n\t\t\t\t\t\t\t\n\t\t\t\t\t\t\t\n\t\t\t\t\t\t<\/div>\n\t\t\t\t\t<\/div>\n\t\t\t\t\n\t\t\t\t\t<\/ul>\n\t<\/div>\n<\/section>\n\n\n\n\n<div style=\"height:50px\" aria-hidden=\"true\" class=\"wp-block-spacer\"><\/div>\n\n\n\n<div class=\"wp-block-columns is-layout-flex wp-container-core-columns-is-layout-9d6595d7 wp-block-columns-is-layout-flex\">\n<div class=\"wp-block-column is-layout-flow wp-block-column-is-layout-flow\" style=\"flex-basis:33.33%\">\n<figure class=\"wp-block-image aligncenter size-large\"><img loading=\"lazy\" decoding=\"async\" width=\"340\" height=\"507\" src=\"https:\/\/www.tuckbuilding.com\/wp-content\/uploads\/sites\/6\/images\/fr\/fr_cantech-map-2019.png?w=340\" alt=\"Cantech Map\" class=\"wp-image-594\" srcset=\"https:\/\/www.tuckbuilding.com\/wp-content\/uploads\/sites\/6\/\/fr_cantech-map-2019.png 340w, https:\/\/www.tuckbuilding.com\/wp-content\/uploads\/sites\/6\/\/fr_cantech-map-2019.png?resize=201,300 201w\" sizes=\"auto, (max-width: 340px) 100vw, 340px\" \/><\/figure>\n<\/div>\n\n\n\n<div class=\"wp-block-column is-layout-flow wp-block-column-is-layout-flow\" style=\"flex-basis:66.66%\"><span class=\"prose block px-4 mb-4 wp-core-block-paragraph\">\n<p>Cantech est une marque canadienne et fi\u00e8re de l\u2019\u00eatre, et elle fait d\u00e9sormais partie de la famille des marques IPG. En juillet 2017, les marques et les actifs de Canadian Technical Tape Ltd., reconnue depuis 1950 pour ses rubans autoadh\u00e9sifs, ont \u00e9t\u00e9 acquis par Intertape Polymer Group (IPG). Nous commercialisons nos rubans autoadh\u00e9sifs sous nos marques Cantech, Tuck et Sportstape, ainsi que sous diff\u00e9rentes marques priv\u00e9es. Nous \u0153uvrons essentiellement dans quatre grands march\u00e9s : le secteur industriel, l\u2019industrie de la construction, le commerce de d\u00e9tail et l\u2019industrie du sport. Nos activit\u00e9s commerciales reposent sur les principes suivants :<\/p>\n<\/span>\n\n<span class=\"prose block px-4 mb-4 wp-core-block-list\">\n<ul class=\"wp-block-list\">\n<li>Offrir des produits de grande qualit\u00e9, qui sont \u00e0 la fois homog\u00e8nes et fiables<\/li>\n\n\n\n<li>Veiller \u00e0 ce que nos rubans adh\u00e9sifs soient une valeur s\u00fbre pour nos clients<\/li>\n\n\n\n<li>D\u00e9velopper les capacit\u00e9s de nos distributeurs partenaires par un soutien actif des ventes et de la formation continue<\/li>\n\n\n\n<li>Soutenir nos activit\u00e9s de vente par des programmes continus de recherche et d\u00e9veloppement pour que nos produits suivent l\u2019\u00e9volution du march\u00e9<\/li>\n\n\n\n<li>Traiter nos employ\u00e9s avec respect<\/li>\n\n\n\n<li>Nous soucier de l\u2019environnement et veiller \u00e0 la viabilit\u00e9 de l\u2019ensemble de nos efforts<\/li>\n<\/ul>\n<\/span><\/div>\n<\/div>\n\n\n\n<hr class=\"wp-block-separator has-alpha-channel-opacity\"\/>\n\n\n\n<div style=\"height:25px\" aria-hidden=\"true\" class=\"wp-block-spacer\"><\/div>\n\n\n<span class=\"prose block px-4 mb-4 wp-core-block-heading\">\n<h2 class=\"wp-block-heading\" id=\"h-histoire\">HISTOIRE<\/h2>\n<\/span>\n\n<span class=\"prose block px-4 mb-4 wp-core-block-paragraph\">\n<p>Canadian Technical Tape voit le jour \u00e0 Montr\u00e9al en 1950 en tant que modeste fabricant de rubans autoadh\u00e9sifs et devient, du coup, l\u2019un des premiers manufacturiers nord-am\u00e9ricains de ce produit. L\u2019entreprise conna\u00eet une solide croissance gr\u00e2ce \u00e0 l\u2019expansion g\u00e9ographique de ses activit\u00e9s manufacturi\u00e8res au Canada et aux \u00c9tats-Unis, et \u00e0 l\u2019accroissement de sa p\u00e9n\u00e9tration du march\u00e9; ses produits se vendent aujourd\u2019hui dans plus de 35 pays.<\/p>\n<\/span>\n\n<span class=\"prose block px-4 mb-4 wp-core-block-paragraph\">\n<p>En 1955, elle d\u00e9m\u00e9nage ses activit\u00e9s manufacturi\u00e8res dans de nouvelles installations situ\u00e9es dans le nord de Montr\u00e9al, l\u00e0 o\u00f9 loge encore son si\u00e8ge social et o\u00f9 sont fabriqu\u00e9s bon nombre de rubans de papier adh\u00e9sifs de qualit\u00e9.<\/p>\n<\/span>\n\n<span class=\"prose block px-4 mb-4 wp-core-block-paragraph\">\n<p>En 1967, l\u2019entreprise ouvre une nouvelle usine \u00e0 Cornwall, en Ontario, et y installe un saturateur de latex servant \u00e0 renforcer le papier cr\u00eape pour qu\u2019il puisse \u00eatre utilis\u00e9 dans plusieurs applications industrielles et de peinture. Au cours de la d\u00e9cennie suivante, l\u2019installation d\u2019une machine \u00e0 enduire permet de produire \u00e9galement des rubans d\u2019emballage et des rubans de filaments renforc\u00e9s. D\u2019autres ajouts d\u2019\u00e9quipement suivent dont celui, en 1998, d\u2019un \u00e9quipement d\u2019enduction par calandrage pour la fabrication de rubans de toile, de hockey et de construction. Vient ensuite, en 2006, l\u2019ajout d\u2019une enduiseuse d\u2019acrylique pour les adh\u00e9sifs \u00e0 base d\u2019eau et \u00e0 base de solvants servant \u00e0 la fabrication de rubans de construction et de rubans sp\u00e9ciaux.<\/p>\n<\/span>\n\n<span class=\"prose block px-4 mb-4 wp-core-block-paragraph\">\n<p>En juillet 2017, Intertape Polymer Group (IPG) fait l\u2019acquisition des marques et des actifs de Canadian Technical Tape Ltd. dans l\u2019optique d\u2019accro\u00eetre la gamme de produits et d\u2019\u00e9largir ses r\u00e9seaux de distribution au Canada, aux \u00c9tats-Unis et en Europe. D\u00e9sormais g\u00e9r\u00e9es par IPG, les marques Cantech pourront poursuivre leur essor gr\u00e2ce au soutien \u00e0 la croissance que leur offre cette entreprise de grande envergure. Avec les marques Cantech, Tuck Tape et Sportstape, Intertape Polymer Inc. s\u2019impose dans l\u2019histoire, en \u00e9tant toujours \u00e0 l\u2019aff\u00fbt de solutions innovantes \u00e0 offrir \u00e0 sa client\u00e8le du monde entier.<\/p>\n<\/span>\n\n\n<div style=\"height:50px\" aria-hidden=\"true\" class=\"wp-block-spacer\"><\/div>\n","protected":false},"excerpt":{"rendered":"<p>Cantech est une marque canadienne et fi\u00e8re de l\u2019\u00eatre, et elle fait d\u00e9sormais partie de la famille des marques IPG. En juillet 2017, les marques et les actifs de Canadian Technical Tape Ltd., reconnue depuis 1950 pour ses rubans autoadh\u00e9sifs, ont \u00e9t\u00e9 acquis par Intertape Polymer Group (IPG). Nous commercialisons nos rubans autoadh\u00e9sifs sous nos<a class=\"excerpt-more-tag\" href=\"https:\/\/www.tuckbuilding.com\/fr-ca\/about-us\/\">Read more&#8230;<\/a><\/p>\n","protected":false},"author":11,"featured_media":0,"parent":0,"menu_order":0,"comment_status":"closed","ping_status":"closed","template":"","meta":{"_acf_changed":false,"footnotes":""},"class_list":["post-593","page","type-page","status-publish","hentry"],"acf":[],"yoast_head":"<!-- This site is optimized with the Yoast SEO Premium plugin v24.1 (Yoast SEO v27.0) - https:\/\/yoast.com\/product\/yoast-seo-premium-wordpress\/ -->\n<title>\u00c0 Propos - Tuck Building<\/title>\n<meta name=\"robots\" content=\"index, follow, max-snippet:-1, max-image-preview:large, max-video-preview:-1\" \/>\n<link rel=\"canonical\" href=\"https:\/\/www.tuckbuilding.com\/fr-ca\/about-us\/\" \/>\n<meta property=\"og:locale\" content=\"fr_CA\" \/>\n<meta property=\"og:type\" content=\"article\" \/>\n<meta property=\"og:title\" content=\"\u00c0 Propos\" \/>\n<meta property=\"og:description\" content=\"Cantech est une marque canadienne et fi\u00e8re de l\u2019\u00eatre, et elle fait d\u00e9sormais partie de la famille des marques IPG. En juillet 2017, les marques et les actifs de Canadian Technical Tape Ltd., reconnue depuis 1950 pour ses rubans autoadh\u00e9sifs, ont \u00e9t\u00e9 acquis par Intertape Polymer Group (IPG). Nous commercialisons nos rubans autoadh\u00e9sifs sous nosRead more...\" \/>\n<meta property=\"og:url\" content=\"https:\/\/www.tuckbuilding.com\/fr-ca\/about-us\/\" \/>\n<meta property=\"og:site_name\" content=\"Tuck Building\" \/>\n<meta property=\"article:modified_time\" content=\"2023-07-20T17:53:15+00:00\" \/>\n<meta property=\"og:image\" content=\"https:\/\/www.tuckbuilding.com\/wp-content\/uploads\/sites\/6\/2023\/07\/Map_French.jpg?w=340\" \/>\n<meta name=\"twitter:card\" content=\"summary_large_image\" \/>\n<meta name=\"twitter:label1\" content=\"Est. reading time\" \/>\n\t<meta name=\"twitter:data1\" content=\"3 minutes\" \/>\n<script type=\"application\/ld+json\" class=\"yoast-schema-graph\">{\"@context\":\"https:\/\/schema.org\",\"@graph\":[{\"@type\":\"WebPage\",\"@id\":\"https:\/\/www.tuckbuilding.com\/fr-ca\/about-us\/\",\"url\":\"https:\/\/www.tuckbuilding.com\/fr-ca\/about-us\/\",\"name\":\"\u00c0 Propos - Tuck Building\",\"isPartOf\":{\"@id\":\"https:\/\/www.tuckbuilding.com\/#website\"},\"primaryImageOfPage\":{\"@id\":\"https:\/\/www.tuckbuilding.com\/fr-ca\/about-us\/#primaryimage\"},\"image\":{\"@id\":\"https:\/\/www.tuckbuilding.com\/fr-ca\/about-us\/#primaryimage\"},\"thumbnailUrl\":\"https:\/\/www.tuckbuilding.com\/wp-content\/uploads\/sites\/6\/images\/fr\/fr_cantech-map-2019.png?w=340\",\"datePublished\":\"2023-07-20T16:10:53+00:00\",\"dateModified\":\"2023-07-20T17:53:15+00:00\",\"breadcrumb\":{\"@id\":\"https:\/\/www.tuckbuilding.com\/fr-ca\/about-us\/#breadcrumb\"},\"inLanguage\":\"fr-CA\",\"potentialAction\":[{\"@type\":\"ReadAction\",\"target\":[\"https:\/\/www.tuckbuilding.com\/fr-ca\/about-us\/\"]}]},{\"@type\":\"ImageObject\",\"inLanguage\":\"fr-CA\",\"@id\":\"https:\/\/www.tuckbuilding.com\/fr-ca\/about-us\/#primaryimage\",\"url\":\"https:\/\/www.tuckbuilding.com\/wp-content\/uploads\/sites\/6\/images\/fr\/fr_cantech-map-2019.png?w=340\",\"contentUrl\":\"https:\/\/www.tuckbuilding.com\/wp-content\/uploads\/sites\/6\/images\/fr\/fr_cantech-map-2019.png?w=340\"},{\"@type\":\"BreadcrumbList\",\"@id\":\"https:\/\/www.tuckbuilding.com\/fr-ca\/about-us\/#breadcrumb\",\"itemListElement\":[{\"@type\":\"ListItem\",\"position\":1,\"name\":\"Home\",\"item\":\"https:\/\/www.tuckbuilding.com\/fr-ca\/\"},{\"@type\":\"ListItem\",\"position\":2,\"name\":\"\u00c0 Propos\"}]},{\"@type\":\"WebSite\",\"@id\":\"https:\/\/www.tuckbuilding.com\/#website\",\"url\":\"https:\/\/www.tuckbuilding.com\/\",\"name\":\"Tuck Building\",\"description\":\"\",\"publisher\":{\"@id\":\"https:\/\/www.tuckbuilding.com\/#organization\"},\"potentialAction\":[{\"@type\":\"SearchAction\",\"target\":{\"@type\":\"EntryPoint\",\"urlTemplate\":\"https:\/\/www.tuckbuilding.com\/?s={search_term_string}\"},\"query-input\":{\"@type\":\"PropertyValueSpecification\",\"valueRequired\":true,\"valueName\":\"search_term_string\"}}],\"inLanguage\":\"fr-CA\"},{\"@type\":\"Organization\",\"@id\":\"https:\/\/www.tuckbuilding.com\/#organization\",\"name\":\"Tuck Building\",\"url\":\"https:\/\/www.tuckbuilding.com\/\",\"logo\":{\"@type\":\"ImageObject\",\"inLanguage\":\"fr-CA\",\"@id\":\"https:\/\/www.tuckbuilding.com\/#\/schema\/logo\/image\/\",\"url\":\"https:\/\/www.tuckbuilding.com\/wp-content\/uploads\/sites\/6\/logos\/cropped-Tuck-logo-60.png\",\"contentUrl\":\"https:\/\/www.tuckbuilding.com\/wp-content\/uploads\/sites\/6\/logos\/cropped-Tuck-logo-60.png\",\"width\":65,\"height\":60,\"caption\":\"Tuck Building\"},\"image\":{\"@id\":\"https:\/\/www.tuckbuilding.com\/#\/schema\/logo\/image\/\"}}]}<\/script>\n<!-- \/ Yoast SEO Premium plugin. -->","yoast_head_json":{"title":"\u00c0 Propos - Tuck Building","robots":{"index":"index","follow":"follow","max-snippet":"max-snippet:-1","max-image-preview":"max-image-preview:large","max-video-preview":"max-video-preview:-1"},"canonical":"https:\/\/www.tuckbuilding.com\/fr-ca\/about-us\/","og_locale":"fr_CA","og_type":"article","og_title":"\u00c0 Propos","og_description":"Cantech est une marque canadienne et fi\u00e8re de l\u2019\u00eatre, et elle fait d\u00e9sormais partie de la famille des marques IPG. En juillet 2017, les marques et les actifs de Canadian Technical Tape Ltd., reconnue depuis 1950 pour ses rubans autoadh\u00e9sifs, ont \u00e9t\u00e9 acquis par Intertape Polymer Group (IPG). Nous commercialisons nos rubans autoadh\u00e9sifs sous nosRead more...","og_url":"https:\/\/www.tuckbuilding.com\/fr-ca\/about-us\/","og_site_name":"Tuck Building","article_modified_time":"2023-07-20T17:53:15+00:00","og_image":[{"url":"https:\/\/www.tuckbuilding.com\/wp-content\/uploads\/sites\/6\/2023\/07\/Map_French.jpg?w=340","type":"","width":"","height":""}],"twitter_card":"summary_large_image","twitter_misc":{"Est. reading time":"3 minutes"},"schema":{"@context":"https:\/\/schema.org","@graph":[{"@type":"WebPage","@id":"https:\/\/www.tuckbuilding.com\/fr-ca\/about-us\/","url":"https:\/\/www.tuckbuilding.com\/fr-ca\/about-us\/","name":"\u00c0 Propos - Tuck Building","isPartOf":{"@id":"https:\/\/www.tuckbuilding.com\/#website"},"primaryImageOfPage":{"@id":"https:\/\/www.tuckbuilding.com\/fr-ca\/about-us\/#primaryimage"},"image":{"@id":"https:\/\/www.tuckbuilding.com\/fr-ca\/about-us\/#primaryimage"},"thumbnailUrl":"https:\/\/www.tuckbuilding.com\/wp-content\/uploads\/sites\/6\/images\/fr\/fr_cantech-map-2019.png?w=340","datePublished":"2023-07-20T16:10:53+00:00","dateModified":"2023-07-20T17:53:15+00:00","breadcrumb":{"@id":"https:\/\/www.tuckbuilding.com\/fr-ca\/about-us\/#breadcrumb"},"inLanguage":"fr-CA","potentialAction":[{"@type":"ReadAction","target":["https:\/\/www.tuckbuilding.com\/fr-ca\/about-us\/"]}]},{"@type":"ImageObject","inLanguage":"fr-CA","@id":"https:\/\/www.tuckbuilding.com\/fr-ca\/about-us\/#primaryimage","url":"https:\/\/www.tuckbuilding.com\/wp-content\/uploads\/sites\/6\/images\/fr\/fr_cantech-map-2019.png?w=340","contentUrl":"https:\/\/www.tuckbuilding.com\/wp-content\/uploads\/sites\/6\/images\/fr\/fr_cantech-map-2019.png?w=340"},{"@type":"BreadcrumbList","@id":"https:\/\/www.tuckbuilding.com\/fr-ca\/about-us\/#breadcrumb","itemListElement":[{"@type":"ListItem","position":1,"name":"Home","item":"https:\/\/www.tuckbuilding.com\/fr-ca\/"},{"@type":"ListItem","position":2,"name":"\u00c0 Propos"}]},{"@type":"WebSite","@id":"https:\/\/www.tuckbuilding.com\/#website","url":"https:\/\/www.tuckbuilding.com\/","name":"Tuck Building","description":"","publisher":{"@id":"https:\/\/www.tuckbuilding.com\/#organization"},"potentialAction":[{"@type":"SearchAction","target":{"@type":"EntryPoint","urlTemplate":"https:\/\/www.tuckbuilding.com\/?s={search_term_string}"},"query-input":{"@type":"PropertyValueSpecification","valueRequired":true,"valueName":"search_term_string"}}],"inLanguage":"fr-CA"},{"@type":"Organization","@id":"https:\/\/www.tuckbuilding.com\/#organization","name":"Tuck Building","url":"https:\/\/www.tuckbuilding.com\/","logo":{"@type":"ImageObject","inLanguage":"fr-CA","@id":"https:\/\/www.tuckbuilding.com\/#\/schema\/logo\/image\/","url":"https:\/\/www.tuckbuilding.com\/wp-content\/uploads\/sites\/6\/logos\/cropped-Tuck-logo-60.png","contentUrl":"https:\/\/www.tuckbuilding.com\/wp-content\/uploads\/sites\/6\/logos\/cropped-Tuck-logo-60.png","width":65,"height":60,"caption":"Tuck Building"},"image":{"@id":"https:\/\/www.tuckbuilding.com\/#\/schema\/logo\/image\/"}}]}},"jetpack_sharing_enabled":true,"_links":{"self":[{"href":"https:\/\/www.tuckbuilding.com\/fr-ca\/wp-json\/wp\/v2\/pages\/593","targetHints":{"allow":["GET"]}}],"collection":[{"href":"https:\/\/www.tuckbuilding.com\/fr-ca\/wp-json\/wp\/v2\/pages"}],"about":[{"href":"https:\/\/www.tuckbuilding.com\/fr-ca\/wp-json\/wp\/v2\/types\/page"}],"author":[{"embeddable":true,"href":"https:\/\/www.tuckbuilding.com\/fr-ca\/wp-json\/wp\/v2\/users\/11"}],"replies":[{"embeddable":true,"href":"https:\/\/www.tuckbuilding.com\/fr-ca\/wp-json\/wp\/v2\/comments?post=593"}],"version-history":[{"count":5,"href":"https:\/\/www.tuckbuilding.com\/fr-ca\/wp-json\/wp\/v2\/pages\/593\/revisions"}],"predecessor-version":[{"id":602,"href":"https:\/\/www.tuckbuilding.com\/fr-ca\/wp-json\/wp\/v2\/pages\/593\/revisions\/602"}],"wp:attachment":[{"href":"https:\/\/www.tuckbuilding.com\/fr-ca\/wp-json\/wp\/v2\/media?parent=593"}],"curies":[{"name":"wp","href":"https:\/\/api.w.org\/{rel}","templated":true}]}}